{"id":1287,"date":"2023-08-24T07:34:20","date_gmt":"2023-08-24T07:34:20","guid":{"rendered":"https:\/\/apartments.pletaelsvilars.com\/aviso-legal\/"},"modified":"2023-11-29T08:35:33","modified_gmt":"2023-11-29T08:35:33","slug":"avis-legal","status":"publish","type":"page","link":"https:\/\/apartments.pletaelsvilars.com\/ca\/avis-legal\/","title":{"rendered":"Av\u00eds legal"},"content":{"rendered":"\n<p>PLETA ELS VILARS, S.L.U., \u00e9s una societat de responsabilitat limitada i, en compliment de l&#8217;article 10 de la Llei 34\/2002, de l\u201911 de juliol, de Serveis de la Societat de la Informaci\u00f3 i de Comer\u00e7 Electr\u00f2nic, a continuaci\u00f3 s&#8217;exposen les dades identificatives de l&#8217;empresa, titular d&#8217;aquest portal.<\/p>\n<table>\n<tbody>\n<tr>\n<td>\n<p>Ra\u00f3 social<\/p>\n<\/td>\n<td colspan=\"2\">\n<p>PLETA ELS VILARS, S.L.U<\/p>\n<\/td>\n<\/tr>\n<tr>\n<td>\n<p>Domicili<\/p>\n<\/td>\n<td colspan=\"2\">\n<p>Passeig de Gr\u00e0cia, 79, Principal 2\u00aa, 08008 Barcelona<\/p>\n<\/td>\n<\/tr>\n<tr>\n<td>\n<p>Tel\u00e8fon<\/p>\n<\/td>\n<td>\n<p>+34 93 515 9778<\/p>\n<\/td>\n<td>\u00a0<\/td>\n<\/tr>\n<tr>\n<td>\n<p>Correu electr\u00f2nic<\/p>\n<\/td>\n<td colspan=\"2\">\n<p><a href=\"mailto:hello@blackhorse-partners.com\">hello@blackhorse-partners.com<\/a><\/p>\n<\/td>\n<\/tr>\n<tr>\n<td>\n<p>Nom del domini<\/p>\n<\/td>\n<td colspan=\"2\"><a href=\"http:\/\/apartments.pletaelsvilars.com\">apartments.pletaelsvilars.com\u00a0<\/a><\/td>\n<\/tr>\n<\/tbody>\n<\/table>\n<p>Aquest apartat (d&#8217;ara endavant &#8220;Av\u00eds Legal&#8221;), juntament amb la Pol\u00edtica de Privadesa i la Pol\u00edtica de Cookies, t\u00e9 com a finalitat establir i regular les normes d&#8217;acc\u00e9s i d&#8217;\u00fas d&#8217;aquest portal web posat a disposici\u00f3 del p\u00fablic, entenent per aix\u00f2 totes les p\u00e0gines i els seus continguts, propietat de la societat andorrana PLETA ELS VILARS, S.L.U., a les quals s&#8217;accedeix a trav\u00e9s del domini https:\/\/apartments.pletaelsvilars.com\/ (d&#8217;ara endavant, el &#8220;Lloc Web&#8221;).<\/p>\n<p><em>Data d&#8217;actualitzaci\u00f3: novembre de 2021<\/em><\/p>\n<p><b>Acceptaci\u00f3 de l\u2019usuari<\/b><\/p>\n<p>Tota persona que accedeixi a aquest lloc web i utilitzi els seus serveis, o b\u00e9 faciliti les seves dades, assumeix el paper d&#8217;Usuari, comprometent-se a l&#8217;observan\u00e7a i el compliment rigor\u00f3s de les disposicions aqu\u00ed contingudes, aix\u00ed com a qualsevol altra disposici\u00f3 legal aplicable, a les quals queda subjecta per la seva condici\u00f3 d&#8217;Usuari.<\/p>\n<p>L&#8217;acceptaci\u00f3 del present document comporta que l&#8217;Usuari:<\/p>\n<ol style=\"list-style-type: lower-alpha;\">\n<li>Ha llegit i ent\u00e9n aquest av\u00eds legal.<\/li>\n<li>Que asume, y acepta, todas las obligaciones que se disponen.<\/li>\n<\/ol>\n<p>La navegaci\u00f3 en el Lloc Web implica l&#8217;acceptaci\u00f3, per part de l&#8217;Usuari, de les presents condicions d&#8217;\u00fas.<\/p>\n<p><b>Condicions d\u2019\u00fas\u00a0<\/b><\/p>\n<p>El Lloc Web proporciona l&#8217;acc\u00e9s a informacions, serveis i\/o dades (d&#8217;ara endavant, &#8220;els continguts&#8221;) a Internet que pertanyen a PLETA ELS VILARS, S.L.U., als quals l&#8217;Usuari pot tenir acc\u00e9s.<\/p>\n<p>L&#8217;Usuari assumeix la responsabilitat de l&#8217;\u00fas del portal i es compromet a llegir atentament aquest Av\u00eds Legal en cada una de les ocasions en qu\u00e8 es disposi a utilitzar el portal web, ja que aquest i les seves condicions d&#8217;\u00fas recollides poden patir modificacions.<\/p>\n<p>L&#8217;Usuari ha de ser conscient que la seguretat dels sistemes inform\u00e0tics mai pot ser absoluta.<br \/>Malgrat que PLETA ELS VILARS, S.L.U. aplica les mesures de seguretat a la seva disposici\u00f3, no garanteix que el Lloc Web i el servidor estiguin lliures de virus i no es fa responsable dels possibles danys o perjudicis que es puguin derivar d&#8217;interfer\u00e8ncies, omissions, interrupcions, virus inform\u00e0tics, avaries telef\u00f2niques o desconnexions en el funcionament operatiu d&#8217;aquest sistema electr\u00f2nic, motivats per causes alienes a nosaltres, de retards o bloquejos en l&#8217;\u00fas d&#8217;aquest sistema electr\u00f2nic causats per defici\u00e8ncies o sobrec\u00e0rregues de l\u00ednies telef\u00f2niques o sobrec\u00e0rregues en el sistema d&#8217;Internet o en altres sistemes electr\u00f2nics, aix\u00ed com tamb\u00e9 de danys que puguin ser causats per terceres persones mitjan\u00e7ant intromissions il\u00b7leg\u00edtimes fora del control de la nostra empresa.<\/p>\n<p>PLETA ELS VILARS, S.L.U. es reserva el dret de realitzar canvis al lloc web sense previ av\u00eds, per tal de mantenir actualitzada la seva informaci\u00f3, afegint, modificant, corregint o eliminant els continguts publicats o el disseny del portal.<\/p>\n<p><b>Propietat intel\u00b7lectual i industrial<\/b><\/p>\n<p><b> <\/b>Aquest Lloc Web i tots els seus continguts, inclosos els textos, els documents, les fotografies, els dibuixos, les representacions gr\u00e0fiques, les bases de dades, els programes inform\u00e0tics, aix\u00ed com els logotips, les marques, els noms comercials i altres signes distintius, s\u00f3n propietat de PLETA ELS VILARS, S.L.U., o de tercers que n&#8217;han autoritzat l&#8217;\u00fas.<\/p>\n<p>Independentment de la finalitat per a la qual fossin destinats els esmentats continguts, la seva reproducci\u00f3 total o parcial, \u00fas, explotaci\u00f3, distribuci\u00f3 i comercialitzaci\u00f3 requereixen de l&#8217;autoritzaci\u00f3 escrita pr\u00e8via per part de PLETA ELS VILARS, S.L.U.<\/p>\n<p>Qualsevol \u00fas no autoritzat pr\u00e8viament, per part de PLETA ELS VILARS, S.L.U., ser\u00e0 considerat un incompliment greu dels drets de propietat intel\u00b7lectual o industrial de l&#8217;autor, aix\u00ed com el dret a la intimitat i la pr\u00f2pia imatge de les persones que puguin apar\u00e8ixer.<\/p>\n<p>Els dissenys, logotips, text, fotografies i\/o gr\u00e0fics, aliens a PLETA ELS VILARS, S.L.U., i que poguessin apar\u00e8ixer a la p\u00e0gina web, pertanyen als seus respectius propietaris, sent ells mateixos responsables de qualsevol possible controv\u00e8rsia que es pugui suscitar a aquest respecte. En tot cas, PLETA ELS VILARS, S.L.U. compta amb l&#8217;autoritzaci\u00f3 expressa i pr\u00e8via, per part dels autors, per a la seva publicaci\u00f3.<br \/>Per realitzar qualsevol tipus d&#8217;observaci\u00f3 o comentari, respecte a possibles incompliments dels drets de propietat intel\u00b7lectual o industrial, aix\u00ed com sobre qualsevol dels continguts del lloc web, ho pot fer a trav\u00e9s del seg\u00fcent correu electr\u00f2nic: <a href=\"mailto:hello@blackhorse-partners.com\">hello@blackhorse-partners.com<\/a>.<\/p>\n<p><b>R\u00e8gim de responsabilitat<\/b><\/p>\n<p>Aquest Lloc Web cont\u00e9 materials amb fins \u00fanicament informatius. No obstant aix\u00f2, tot i prendre les mesures raonables per assegurar que aquesta informaci\u00f3 no \u00e9s err\u00f2nia o equ\u00edvoca, no es garanteix que sigui exacta, ni s&#8217;assumeix cap responsabilitat sobre la certesa de la informaci\u00f3 i\/o continguts. L&#8217;Usuari ha de confirmar que est\u00e0 utilitzant les p\u00e0gines m\u00e9s actualitzades d&#8217;aquest Lloc Web i confirmar que la informaci\u00f3 sigui precisa i completa abans d&#8217;utilitzar-la per prendre decisions relacionades amb serveis, productes o altres assumptes descrits en aquest Lloc Web.<\/p>\n<p>PLETA ELS VILARS, S.L.U. no es fa responsable dels danys o perjudicis, de qualsevol naturalesa, que puguin derivar de la incorrecta, il\u00b7leg\u00edtima o il\u00b7l\u00edcita utilitzaci\u00f3 que es faci del lloc web o dels continguts que s&#8217;ofereixen. Per aix\u00f2, declina qualsevol tipus de responsabilitat derivada de la informaci\u00f3 publicada en la seva p\u00e0gina web, sempre que aquesta informaci\u00f3 hagi estat manipulada o introdu\u00efda per un tercer ali\u00e8 al mateix.<\/p>\n<p>Tampoc respon per la legalitat de portals web de tercers que puguin estar vinculats o enlla\u00e7ats des d&#8217;aquest Lloc Web.<\/p>\n<p>PLETA ELS VILARS, S.L.U. no garanteix la disponibilitat i continu\u00eftat del funcionament del Lloc Web i dels seus serveis. Quan sigui raonablement possible, s&#8217;advertir\u00e0 pr\u00e8viament de les interrupcions en el funcionament del web i dels serveis.<\/p>\n<p><b>Dret d\u2019exclusi\u00f3<\/b><\/p>\n<p>PLETA ELS VILARS, S.L.U. es reserva el dret d&#8217;impedir a l&#8217;Usuari l&#8217;acc\u00e9s i l&#8217;\u00fas dels serveis dels seus portals web, en qualsevol moment i sense av\u00eds previ, a inst\u00e0ncia pr\u00f2pia o de tercers en cas d&#8217;incompliment d&#8217;aquest av\u00eds legal i en cas d&#8217;actes contraris a la llei, la moral, les bones costums generalment acceptades i l&#8217;ordre p\u00fablic.<\/p>\n<p>Els usuaris podran publicar les seves opinions i comentaris, aix\u00ed com publicar altres continguts, enviar comunicacions, suggeriments, idees, comentaris, preguntes o altra informaci\u00f3, sempre que el contingut dels mateixos no sigui il\u00b7l\u00edcit, obsc\u00e8, abusiu, constitueixi un sup\u00f2sit d&#8217;amena\u00e7a o difamaci\u00f3, o envaeixi la privadesa de tercers, infringeixi drets de propietat intel\u00b7lectual o de qualsevol altra forma sigui ofensiu per a tercers o censurable, ni consisteixi en o contingui virus inform\u00e0tics, propaganda pol\u00edtica o contingut publicitari, correus en cadena, enviament massiu de correus o constitueixi qualsevol altre tipus de &#8220;spam&#8221;.<\/p>\n<p>PLETA ELS VILARS, S.L.U. podr\u00e0 impedir la publicaci\u00f3 d&#8217;un determinat contingut, o eliminar-lo del portal, en cas que consideri que pot existir alguna vulneraci\u00f3 de la legalitat vigent, dels drets de tercers o reb\u00e9s alguna comunicaci\u00f3 en aquest sentit.<\/p>\n<p>L&#8217;Usuari que proporciona les dades \u00e9s responsable de la veracitat de les mateixes i garanteix que les dades i informaci\u00f3 facilitada s\u00f3n reals i actualitzades i, a m\u00e9s, que pertanyen a ell i no a tercers. No est\u00e0 perm\u00e8s l&#8217;\u00fas de adreces de correu falses, ni suplantar la identitat d&#8217;una altra persona o entitat, ni falsejar de cap altra manera l&#8217;origen de qualsevol altre contingut.<\/p>\n<p><b>Tractament de dades personals\u00a0<\/b><\/p>\n<p>El Lloc Web pot ser visitat per qualsevol Usuari de forma lliure. PLETA ELS VILARS, S.L.U. complir\u00e0 amb la normativa vigent en mat\u00e8ria de Protecci\u00f3 de Dades de Car\u00e0cter Personal i adoptar\u00e0 les mesures legalment exigibles per a la protecci\u00f3 de les dades de car\u00e0cter personal de l&#8217;usuari, preservant la seva privadesa i confidencialitat.<\/p>\n<p>Podeu consultar tot el detall del tractament de les dades personals recollides en el nostre apartat de Pol\u00edtica de Privadesa. A m\u00e9s, en el Lloc Web es poden utilitzar cookies de diferent \u00edndole. Per a m\u00e9s detall, consulteu la nostra Pol\u00edtica de Cookies.<\/p>\n<p><b>Menors d\u2019edat\u00a0<\/b><\/p>\n<p>Els serveis i productes de PLETA ELS VILARS, S.L.U. no s&#8217;adrecen a menors d&#8217;edat. No obstant aix\u00f2, en el cas que alguns dels nostres serveis vagin focalitzats espec\u00edficament a menors d&#8217;edat, es sol\u00b7licitar\u00e0 la conformitat dels pares o tutors per a la recollida de les dades personals o, si escau, per al tractament de les dades informant.<\/p>\n<p>De la mateixa manera, per contractar els nostres serveis en nom i representaci\u00f3 d&#8217;una persona jur\u00eddica, l&#8217;usuari ha de ser major d&#8217;edat, tenir plena capacitat legal d&#8217;actuar i disposar de capacitat i legitimaci\u00f3 suficient per a vincular a aquesta persona jur\u00eddica.<\/p>\n<p><b>Validesa de la informaci\u00f3<\/b><\/p>\n<p>PLETA ELS VILARS, S.L.U. es reserva el dret de modificar qualsevol tipus d&#8217;informaci\u00f3 que pugui apar\u00e8ixer a la p\u00e0gina web, sense que existeixi cap obligaci\u00f3 de preavisar o informar els usuaris de les esmentades modificacions, entenent-se com a suficient la publicaci\u00f3 al Lloc Web.<\/p>\n<p>Aquest Av\u00eds Legal tindr\u00e0 un per\u00edode de validesa indefinit o, en tot cas, ser\u00e0 v\u00e0lid fins que es modifiqui i es publiqui la nova versi\u00f3.<\/p>\n<p><b>Legislaci\u00f3 aplicable i compet\u00e8ncia judicial\u00a0<\/b><\/p>\n<p>PLETA ELS VILARS, S.L.U. perseguir\u00e0 l&#8217;incompliment de les presents condicions, aix\u00ed com qualsevol utilitzaci\u00f3 indeguda del seu portal, exercint totes les accions civils i penals que li puguin correspondre en dret.<\/p>\n<p>Qualsevol controv\u00e8rsia sorgida en la interpretaci\u00f3 o l&#8217;execuci\u00f3 d&#8217;aquest Av\u00eds Legal, aix\u00ed com qualsevol q\u00fcesti\u00f3 relacionada amb els serveis del present Lloc Web, s&#8217;interpretar\u00e0 a partir de la legislaci\u00f3 espanyola vigent.<\/p>\n<p>Si cap normativa ho impedeix, les parts renuncien a qualsevol altra jurisdicci\u00f3 i se sotmeten a la dels jutjats i tribunals del domicili de PLETA ELS VILARS, S.L.U. per a qualsevol controv\u00e8rsia que pugui sorgir. En el cas que l&#8217;usuari tingui el seu domicili fora d&#8217;Espanya, PLETA ELS VILARS, S.L.U. i l&#8217;usuari es sotmeten als jutjats i tribunals de la ciutat del domicili social de PLETA ELS VILARS, S.L.U.<\/p>\n","protected":false},"excerpt":{"rendered":"<p>PLETA ELS VILARS, S.L.U., \u00e9s una societat de responsabilitat limitada i, en compliment de l&#8217;article 10 de la Llei 34\/2002, de l\u201911 de juliol, de Serveis de la Societat de &hellip;<\/p>\n","protected":false},"author":1,"featured_media":0,"parent":0,"menu_order":0,"comment_status":"closed","ping_status":"closed","template":"page-templates\/page-basic-page.php","meta":{"_acf_changed":false,"footnotes":""},"class_list":["post-1287","page","type-page","status-publish","hentry"],"acf":[],"yoast_head":"<!-- This site is optimized with the Yoast SEO plugin v27.2 - https:\/\/yoast.com\/product\/yoast-seo-wordpress\/ -->\n<title>Av\u00eds legal - Pleta els Vilars - Luxury Apartamentos<\/title>\n<meta name=\"description\" content=\"PLETA ELS VILARS, S.L.U., \u00e9s una societat de responsabilitat limitada i, en compliment de l&#039;article 10 de la Llei 34\/2002, de l\u201911 de juliol, de Serveis\" \/>\n<meta name=\"robots\" content=\"index, follow, max-snippet:-1, max-image-preview:large, max-video-preview:-1\" \/>\n<link rel=\"canonical\" href=\"https:\/\/apartments.pletaelsvilars.com\/ca\/avis-legal\/\" \/>\n<meta property=\"og:locale\" content=\"ca_ES\" \/>\n<meta property=\"og:type\" content=\"article\" \/>\n<meta property=\"og:title\" content=\"Av\u00eds legal - Pleta els Vilars - Luxury Apartamentos\" \/>\n<meta property=\"og:description\" content=\"PLETA ELS VILARS, S.L.U., \u00e9s una societat de responsabilitat limitada i, en compliment de l&#039;article 10 de la Llei 34\/2002, de l\u201911 de juliol, de Serveis\" \/>\n<meta property=\"og:url\" content=\"https:\/\/apartments.pletaelsvilars.com\/ca\/avis-legal\/\" \/>\n<meta property=\"og:site_name\" content=\"Pleta els Vilars - Luxury Apartamentos\" \/>\n<meta property=\"article:modified_time\" content=\"2023-11-29T08:35:33+00:00\" \/>\n<meta name=\"twitter:card\" content=\"summary_large_image\" \/>\n<meta name=\"twitter:label1\" content=\"Temps estimat de lectura\" \/>\n\t<meta name=\"twitter:data1\" content=\"8 minuts\" \/>\n<script type=\"application\/ld+json\" class=\"yoast-schema-graph\">{\"@context\":\"https:\/\/schema.org\",\"@graph\":[{\"@type\":\"WebPage\",\"@id\":\"https:\/\/apartments.pletaelsvilars.com\/ca\/avis-legal\/\",\"url\":\"https:\/\/apartments.pletaelsvilars.com\/ca\/avis-legal\/\",\"name\":\"Av\u00eds legal - Pleta els Vilars - Luxury Apartamentos\",\"isPartOf\":{\"@id\":\"https:\/\/apartments.pletaelsvilars.com\/ca\/#website\"},\"datePublished\":\"2023-08-24T07:34:20+00:00\",\"dateModified\":\"2023-11-29T08:35:33+00:00\",\"description\":\"PLETA ELS VILARS, S.L.U., \u00e9s una societat de responsabilitat limitada i, en compliment de l'article 10 de la Llei 34\/2002, de l\u201911 de juliol, de Serveis\",\"breadcrumb\":{\"@id\":\"https:\/\/apartments.pletaelsvilars.com\/ca\/avis-legal\/#breadcrumb\"},\"inLanguage\":\"ca\",\"potentialAction\":[{\"@type\":\"ReadAction\",\"target\":[\"https:\/\/apartments.pletaelsvilars.com\/ca\/avis-legal\/\"]}]},{\"@type\":\"BreadcrumbList\",\"@id\":\"https:\/\/apartments.pletaelsvilars.com\/ca\/avis-legal\/#breadcrumb\",\"itemListElement\":[{\"@type\":\"ListItem\",\"position\":1,\"name\":\"Portada\",\"item\":\"https:\/\/apartments.pletaelsvilars.com\/ca\/\"},{\"@type\":\"ListItem\",\"position\":2,\"name\":\"Av\u00eds legal\"}]},{\"@type\":\"WebSite\",\"@id\":\"https:\/\/apartments.pletaelsvilars.com\/ca\/#website\",\"url\":\"https:\/\/apartments.pletaelsvilars.com\/ca\/\",\"name\":\"Pleta els Vilars - Luxury Apartamentos\",\"description\":\"Black Horse - Pleta els Vilars\",\"potentialAction\":[{\"@type\":\"SearchAction\",\"target\":{\"@type\":\"EntryPoint\",\"urlTemplate\":\"https:\/\/apartments.pletaelsvilars.com\/ca\/?s={search_term_string}\"},\"query-input\":{\"@type\":\"PropertyValueSpecification\",\"valueRequired\":true,\"valueName\":\"search_term_string\"}}],\"inLanguage\":\"ca\"}]}<\/script>\n<!-- \/ Yoast SEO plugin. -->","yoast_head_json":{"title":"Av\u00eds legal - Pleta els Vilars - Luxury Apartamentos","description":"PLETA ELS VILARS, S.L.U., \u00e9s una societat de responsabilitat limitada i, en compliment de l'article 10 de la Llei 34\/2002, de l\u201911 de juliol, de Serveis","robots":{"index":"index","follow":"follow","max-snippet":"max-snippet:-1","max-image-preview":"max-image-preview:large","max-video-preview":"max-video-preview:-1"},"canonical":"https:\/\/apartments.pletaelsvilars.com\/ca\/avis-legal\/","og_locale":"ca_ES","og_type":"article","og_title":"Av\u00eds legal - Pleta els Vilars - Luxury Apartamentos","og_description":"PLETA ELS VILARS, S.L.U., \u00e9s una societat de responsabilitat limitada i, en compliment de l'article 10 de la Llei 34\/2002, de l\u201911 de juliol, de Serveis","og_url":"https:\/\/apartments.pletaelsvilars.com\/ca\/avis-legal\/","og_site_name":"Pleta els Vilars - Luxury Apartamentos","article_modified_time":"2023-11-29T08:35:33+00:00","twitter_card":"summary_large_image","twitter_misc":{"Temps estimat de lectura":"8 minuts"},"schema":{"@context":"https:\/\/schema.org","@graph":[{"@type":"WebPage","@id":"https:\/\/apartments.pletaelsvilars.com\/ca\/avis-legal\/","url":"https:\/\/apartments.pletaelsvilars.com\/ca\/avis-legal\/","name":"Av\u00eds legal - Pleta els Vilars - Luxury Apartamentos","isPartOf":{"@id":"https:\/\/apartments.pletaelsvilars.com\/ca\/#website"},"datePublished":"2023-08-24T07:34:20+00:00","dateModified":"2023-11-29T08:35:33+00:00","description":"PLETA ELS VILARS, S.L.U., \u00e9s una societat de responsabilitat limitada i, en compliment de l'article 10 de la Llei 34\/2002, de l\u201911 de juliol, de Serveis","breadcrumb":{"@id":"https:\/\/apartments.pletaelsvilars.com\/ca\/avis-legal\/#breadcrumb"},"inLanguage":"ca","potentialAction":[{"@type":"ReadAction","target":["https:\/\/apartments.pletaelsvilars.com\/ca\/avis-legal\/"]}]},{"@type":"BreadcrumbList","@id":"https:\/\/apartments.pletaelsvilars.com\/ca\/avis-legal\/#breadcrumb","itemListElement":[{"@type":"ListItem","position":1,"name":"Portada","item":"https:\/\/apartments.pletaelsvilars.com\/ca\/"},{"@type":"ListItem","position":2,"name":"Av\u00eds legal"}]},{"@type":"WebSite","@id":"https:\/\/apartments.pletaelsvilars.com\/ca\/#website","url":"https:\/\/apartments.pletaelsvilars.com\/ca\/","name":"Pleta els Vilars - Luxury Apartamentos","description":"Black Horse - Pleta els Vilars","potentialAction":[{"@type":"SearchAction","target":{"@type":"EntryPoint","urlTemplate":"https:\/\/apartments.pletaelsvilars.com\/ca\/?s={search_term_string}"},"query-input":{"@type":"PropertyValueSpecification","valueRequired":true,"valueName":"search_term_string"}}],"inLanguage":"ca"}]}},"_links":{"self":[{"href":"https:\/\/apartments.pletaelsvilars.com\/ca\/wp-json\/wp\/v2\/pages\/1287","targetHints":{"allow":["GET"]}}],"collection":[{"href":"https:\/\/apartments.pletaelsvilars.com\/ca\/wp-json\/wp\/v2\/pages"}],"about":[{"href":"https:\/\/apartments.pletaelsvilars.com\/ca\/wp-json\/wp\/v2\/types\/page"}],"author":[{"embeddable":true,"href":"https:\/\/apartments.pletaelsvilars.com\/ca\/wp-json\/wp\/v2\/users\/1"}],"replies":[{"embeddable":true,"href":"https:\/\/apartments.pletaelsvilars.com\/ca\/wp-json\/wp\/v2\/comments?post=1287"}],"version-history":[{"count":3,"href":"https:\/\/apartments.pletaelsvilars.com\/ca\/wp-json\/wp\/v2\/pages\/1287\/revisions"}],"predecessor-version":[{"id":2525,"href":"https:\/\/apartments.pletaelsvilars.com\/ca\/wp-json\/wp\/v2\/pages\/1287\/revisions\/2525"}],"wp:attachment":[{"href":"https:\/\/apartments.pletaelsvilars.com\/ca\/wp-json\/wp\/v2\/media?parent=1287"}],"curies":[{"name":"wp","href":"https:\/\/api.w.org\/{rel}","templated":true}]}}