{"id":1295,"date":"2022-03-30T09:27:15","date_gmt":"2022-03-30T09:27:15","guid":{"rendered":"https:\/\/apartments.pletaelsvilars.com\/politica-privacidad\/"},"modified":"2023-11-29T08:38:12","modified_gmt":"2023-11-29T08:38:12","slug":"politica-de-privacitat","status":"publish","type":"page","link":"https:\/\/apartments.pletaelsvilars.com\/ca\/politica-de-privacitat\/","title":{"rendered":"Pol\u00edtica de privacitat"},"content":{"rendered":"\n<p><b>Generalitats <\/b><\/p>\n<p>Atenent la normativa de protecci\u00f3 de dades personals segons el disposat en el Reglament (UE) 2016\/679 del Parlament Europeu i del Consell de 27 d&#8217;abril de 2016 relatiu a la protecci\u00f3 de les persones f\u00edsiques (d&#8217;ara endavant, RGPD) i en la normativa estatal, Llei Org\u00e0nica 3\/2018 de Protecci\u00f3 de Dades i Garantia de Drets Digitals (d&#8217;ara endavant, LOPDGDD), per donar compliment amb el deure d&#8217;informaci\u00f3 que exigeix la legislaci\u00f3 referenciada, PLETA ELS VILARS, S.L.U. informa als interessats (d&#8217;ara endavant, els Usuaris) de la seva Pol\u00edtica de Privacitat i de tractament de dades personals que efectua.<\/p>\n<p>Aquest apartat t\u00e9 com a finalitat explicar la nostra Pol\u00edtica de Privacitat i detallar la informaci\u00f3 relativa al tractament de les dades personals i als drets que poden exercir els Usuaris per mantenir el control sobre les seves dades. <em>Data d&#8217;actualitzaci\u00f3: novembre de 2021<\/em><\/p>\n<p><b>Responsable del tractament<\/b><\/p>\n<p>L&#8217;operador de la p\u00e0gina web i responsable del tractament de dades \u00e9s:<\/p>\n<table>\n<tbody>\n<tr>\n<td>\n<p>Ra\u00f3 social\u00a0<\/p>\n<\/td>\n<td colspan=\"2\">\n<p>PLETA ELS VILARS, S.L.U.<\/p>\n<\/td>\n<\/tr>\n<tr>\n<td>\n<p>NIF\u00a0<\/p>\n<\/td>\n<td colspan=\"2\">\n<p>L-717471-E<\/p>\n<\/td>\n<\/tr>\n<tr>\n<td>\n<p>Domicili<\/p>\n<\/td>\n<td colspan=\"2\">\n<p>Passeig de Gr\u00e0cia, 79, Principal 2\u00aa, 08008 Barcelona<\/p>\n<\/td>\n<\/tr>\n<tr>\n<td>\n<p>Tel\u00e8fon<\/p>\n<\/td>\n<td>\n<p>+34 93 515 9778<\/p>\n<\/td>\n<td>\u00a0<\/td>\n<\/tr>\n<tr>\n<td>\n<p>Correu electr\u00f2nic<\/p>\n<\/td>\n<td colspan=\"2\">\n<p><a href=\"mailto:hello@blackhorse-partners.com\">hello@blackhorse-partners.com<\/a>\u00a0<\/p>\n<\/td>\n<\/tr>\n<tr>\n<td>\n<p>Sector\u00a0<\/p>\n<\/td>\n<td colspan=\"2\">\n<p>Immobiliari<\/p>\n<\/td>\n<\/tr>\n<\/tbody>\n<\/table>\n<p>PLETA ELS VILARS, S.L.U. \u00e9s una empresa especialitzada en promocions immobili\u00e0ries.<\/p>\n<p><b>Tractament de dades<\/b><\/p>\n<p>L&#8217;Usuari del Lloc Web pot navegar sense necessitat de proporcionar dades personals. No obstant aix\u00f2, les dades de car\u00e0cter personal que es puguin recaptar directament de l&#8217;Usuari seran tractades de forma confidencial i quedaran incorporades a la corresponent activitat de tractament titularitat de PLETA ELS VILARS, S.L.U.<br \/>En funci\u00f3 del context i finalitat per a la qual, en cada cas, l&#8217;Usuari hagi facilitat les seves dades, aquestes seran tractades per a:<\/p>\n<table>\n<tbody>\n<tr>\n<td>\n<p><b>Finalitat del tractament\u00a0<\/b><\/p>\n<\/td>\n<td>\n<p><b>Base legal\u00a0<\/b><\/p>\n<\/td>\n<td>\n<p><b>Destinataris\u00a0<\/b><\/p>\n<\/td>\n<td>\n<p><b>Termini de conservaci\u00f3<\/b><\/p>\n<\/td>\n<\/tr>\n<tr>\n<td>\n<p>Contactar amb el remitent de la informaci\u00f3, donar resposta a la seva sol\u00b7licitud, petici\u00f3 o consulta i fer un seguiment posterior.<\/p>\n<\/td>\n<td>\n<p>Inter\u00e8s leg\u00edtim per atendre als requeriments d&#8217;informaci\u00f3 a trav\u00e9s dels canals de comunicaci\u00f3. Consentiment dels interessats.<\/p>\n<\/td>\n<td>\n<p>No est\u00e0 prevista la cessi\u00f3 de dades a tercers, excepte obligaci\u00f3 legal o de l&#8217;execuci\u00f3 del propi contracte de prestaci\u00f3 de serveis. No es realitzaran transfer\u00e8ncies internacionals.<\/p>\n<\/td>\n<td>\n<p>Fins a la resoluci\u00f3 de la sol\u00b7licitud d&#8217;informaci\u00f3 o mentre perduri la relaci\u00f3 comercial.<\/p>\n<\/td>\n<\/tr>\n<tr>\n<td>\n<p>Gestionar i controlar la cartera de clients i prove\u00efdors<\/p>\n<\/td>\n<td>\n<p>Relaci\u00f3 contractual per a l&#8217;execuci\u00f3 d&#8217;un contracte. Inter\u00e8s leg\u00edtim.<\/p>\n<\/td>\n<td>\n<p>No est\u00e0 prevista la cessi\u00f3 de dades a tercers, excepte obligaci\u00f3 legal o de l&#8217;execuci\u00f3 del propi contracte de prestaci\u00f3 de serveis. No es realitzaran transfer\u00e8ncies internacionals.<\/p>\n<\/td>\n<td>\n<p>Mentre perduri la relaci\u00f3 contractual per a l&#8217;execuci\u00f3 d&#8217;un contracte.<\/p>\n<\/td>\n<\/tr>\n<tr>\n<td>\n<p>Gesti\u00f3 fiscal, comptable mercantil i jur\u00eddica<\/p>\n<\/td>\n<td>\n<p>Obligaci\u00f3 legal del responsable.<\/p>\n<\/td>\n<td>\n<p>No es cedeixen dades a tercers, llevat d&#8217;obligacions legals. No es realitzaran transfer\u00e8ncies internacionals.<\/p>\n<\/td>\n<td>\n<p>Durant el temps necessari per a donar resposta i per a complir els terminis legals previstos per atendre possibles responsabilitats.<\/p>\n<\/td>\n<\/tr>\n<tr>\n<td>\n<p>Prestaci\u00f3 de serveis i comercialitzaci\u00f3 de productes: Oferir serveis, productes i activitats perqu\u00e8 puguem cotitzar, prestar, gestionar i executar els serveis<\/p>\n<\/td>\n<td>\n<p>Inter\u00e8s leg\u00edtim per atendre als requeriments d&#8217;informaci\u00f3 a trav\u00e9s dels canals de comunicaci\u00f3. Consentiment dels interessats.<\/p>\n<\/td>\n<td>\n<p>No est\u00e0 prevista la cessi\u00f3 de dades a tercers, excepte obligaci\u00f3 legal o de l&#8217;execuci\u00f3 del propi contracte de prestaci\u00f3 de serveis. No es realitzaran transfer\u00e8ncies internacionals.<\/p>\n<\/td>\n<td>\n<p>Fins a la resoluci\u00f3 de la sol\u00b7licitud d&#8217;informaci\u00f3 o mentre perduri la relaci\u00f3 comercial.<\/p>\n<\/td>\n<\/tr>\n<tr>\n<td>\n<p>Comunicacions comercials\u00a0<\/p>\n<\/td>\n<td>\n<p>Consentiment de l&#8217;interessat. Inter\u00e8s leg\u00edtim.<\/p>\n<\/td>\n<td>\n<p>No es cedeixen dades a tercers, llevat d&#8217;obligacions legals. No es realitzaran transfer\u00e8ncies internacionals.<\/p>\n<\/td>\n<td>\n<p>Es conservaran durant el temps necessari per complir amb la finalitat per a la qual es van recaptar o fins que l&#8217;usuari revoqui el seu consentiment.<\/p>\n<\/td>\n<\/tr>\n<tr>\n<td>\n<p>Gesti\u00f3 de l&#8217;exercici dels drets dels Usuaris<\/p>\n<\/td>\n<td>\n<p>Obligaci\u00f3 legal del\u00a0\u00a0<\/p>\n<p>responsable<\/p>\n<\/td>\n<td>\n<p>No es cedeixen dades a tercers, llevat d&#8217;obligacions legals. No es realitzaran transfer\u00e8ncies internacionals.<\/p>\n<\/td>\n<td>\n<p>Durant el temps necessari per a donar resposta i per a complir els terminis legals previstos per atendre possibles responsabilitats.<\/p>\n<\/td>\n<\/tr>\n<\/tbody>\n<\/table>\n<p><b><br \/>Obtenci\u00f3 de les dades\u00a0<\/b><\/p>\n<p>Les dades personals que tractem a PLETA ELS VILARS, S.L.U. s\u00f3n recollides a trav\u00e9s de la informaci\u00f3 que ens facilita l&#8217;usuari, de forma lliure i volunt\u00e0ria, a trav\u00e9s dels mitjans que posem a la seva disposici\u00f3 en el present Lloc Web, o b\u00e9, a trav\u00e9s del contracte de prestaci\u00f3 de serveis o d&#8217;Encarregat del Tractament.<\/p>\n<p>Les categories de dades que es tracten s\u00f3n: dades identificatives (nom i, si s&#8217;escau, cognoms) i l&#8217;adre\u00e7a de correu electr\u00f2nic i\/o tel\u00e8fon (dep\u00e8n del mitj\u00e0 utilitzat), adre\u00e7a postal, informaci\u00f3 comercial, dades econ\u00f2miques, aix\u00ed com qualsevol altra que incloguis en les comunicacions que ens envi\u00efs. No es tracten dades especialment protegides.<\/p>\n<p><b>Informaci\u00f3 necess\u00e0ria, actualitzada i veracitat de les dades\u00a0<\/b><\/p>\n<p>Quan l&#8217;usuari ens proporciona les seves dades per utilitzar els nostres serveis, garanteix que les dades i informaci\u00f3 facilitada s\u00f3n reals, veraces, actualitzades i de la seva pertinen\u00e7a.<\/p>\n<p>A m\u00e9s, es prega que els usuaris notifiquin qualsevol rectificaci\u00f3 o modificaci\u00f3 que es produeixi en les dades facilitades amb la major brevetat possible, respondre en qualsevol cas de la veracitat i exactitud de les dades subministrades en cada moment, perqu\u00e8 la informaci\u00f3 facilitada estigui sempre actualitzada i no contingui errors, per aix\u00f2 els usuaris poden contactar a trav\u00e9s de la seg\u00fcent adre\u00e7a de correu electr\u00f2nic: hello@blackhorse-partners.com<\/p>\n<p><b>Drets dels Usuaris\u00a0<\/b><\/p>\n<p>Qualsevol persona t\u00e9 dret a obtenir confirmaci\u00f3 de si a PLETA ELS VILARS, S.L.U. estem tractant les seves dades personals. Les persones interessades tenen dret a accedir a les seves dades personals, aix\u00ed com a sol\u00b7licitar la rectificaci\u00f3 de les dades inexactes o, si escau, sol\u00b7licitar la seva supressi\u00f3 quan, entre d&#8217;altres motius, les dades ja no siguin necess\u00e0ries per als fins pels quals van ser recollides.<\/p>\n<p>A continuaci\u00f3, s&#8217;enumeren els drets reconeguts en la normativa vigent i la via per poder exercir-los:<\/p>\n<table>\n<tbody>\n<tr>\n<td>\n<p><b>Dret\u00a0<\/b><\/p>\n<\/td>\n<td>\n<p><b>\u00bfQu\u00e8 significa?<\/b><\/p>\n<\/td>\n<\/tr>\n<tr>\n<td>\n<p>Dret d\u2019acc\u00e9s<\/p>\n<\/td>\n<td>\n<p>T\u00e9 dret a accedir a les seves dades personals. L&#8217;interessat tindr\u00e0 dret a obtenir del responsable del tractament la confirmaci\u00f3 de si s&#8217;estan tractant o no les dades que li interessen, aix\u00ed com informaci\u00f3 detallada sobre determinats aspectes del tractament que s&#8217;est\u00e0 duent a terme.<\/p>\n<\/td>\n<\/tr>\n<tr>\n<td>\n<p>Dret a la rectificaci\u00f3<\/p>\n<\/td>\n<td>\n<p>L&#8217;interessat tindr\u00e0 dret a obtenir la rectificaci\u00f3 de les dades personals inexactes que puguin existir, o b\u00e9, que es compleixin aquelles que fossin incompletes o inexactes.<\/p>\n<\/td>\n<\/tr>\n<tr>\n<td>\n<p>Dret a la supressi\u00f3<\/p>\n<\/td>\n<td>\n<p>Tamb\u00e9 es coneix com &#8220;el dret a ser oblidat&#8221; i, en termes senzills, li permet sol\u00b7licitar la supressi\u00f3 o eliminaci\u00f3 de les seves dades personals quan no hi hagi un motiu per seguir utilitzant-lo, en tot cas, la supressi\u00f3 estar\u00e0 sotmesa als l\u00edmits establerts en la norma reguladora.<\/p>\n<\/td>\n<\/tr>\n<tr>\n<td>\n<p>Dret a limitaci\u00f3 al tractament<\/p>\n<\/td>\n<td>\n<p>L&#8217;interessat tindr\u00e0 dret a sol\u00b7licitar la limitaci\u00f3 en quant al tractament de les seves dades de car\u00e0cter personal. T\u00e9 dret a &#8220;blocar&#8221; o suprimir l&#8217;\u00fas posterior de les seves dades personals. En determinades circumst\u00e0ncies, els interessats podran sol\u00b7licitar la limitaci\u00f3 del tractament de les seves dades, en aquest cas \u00fanicament les conservarem per a l&#8217;exercici o la defensa de reclamacions.<\/p>\n<\/td>\n<\/tr>\n<tr>\n<td>\n<p>Dret a la portabilitat de dades<\/p>\n<\/td>\n<td>\n<p>T\u00e9 dret a obtenir i reutilitzar les seves dades personals per als seus propis fins a diferents serveis. \u00c9s a dir, tindr\u00e0 dret a rebre les dades personals que hagi facilitat a un responsable del tractament, en un format estructurat, d&#8217;\u00fas com\u00fa i lectura mec\u00e0nica i per a transmetre a un altre responsable del tractament. Dret a obtenir les seves dades personals en un format estructurat, com\u00fa i llegible.<\/p>\n<\/td>\n<\/tr>\n<\/tbody>\n<\/table>\n<p>\u00a0<\/p>\n<table>\n<tbody>\n<tr>\n<td>\n<p>Dret a oposar-se al processament<\/p>\n<\/td>\n<td>\n<p>En determinades circumst\u00e0ncies, i per motius relacionats amb la seva situaci\u00f3 particular, els interessats podran oposar-se al tractament de les seves dades. L&#8217;empresa deixar\u00e0 de tractar les dades, excepte per motius leg\u00edtims, imperatius, o per l&#8217;exercici o la defensa de possibles reclamacions. No obstant aix\u00f2, t\u00e9 dret a oposar-se al processament amb fins de m\u00e0rqueting directe.<\/p>\n<\/td>\n<\/tr>\n<tr>\n<td>\n<p>Dret a retirar el\u00a0<\/p>\n<p>consentiment<\/p>\n<\/td>\n<td>\n<p>En cas que l&#8217;interessat hagi atorgat el consentiment per al tractament de les seves dades personals, t\u00e9 dret a retirar-lo en qualsevol moment.<\/p>\n<\/td>\n<\/tr>\n<\/tbody>\n<\/table>\n<p>\u00a0<\/p>\n<p><b>Exercici dels drets\u00a0<\/b><\/p>\n<p>L&#8217;Usuari podr\u00e0 exercir els drets esmentats en qualsevol moment dirigint-se a PLETA ELS VILARS, S.L.U., com a responsable del tractament, presentant un escrit, juntament amb la seva acreditaci\u00f3 d&#8217;identitat, a l&#8217;adre\u00e7a postal: Passeig de Gr\u00e0cia 79, Principal 2a (08008 Barcelona), o b\u00e9, a trav\u00e9s del seg\u00fcent correu electr\u00f2nic: hello@blackhorse-partners.com establint en l'&#8221;Assumpte&#8221; el dret exercit.<\/p>\n<p>Pot obtenir m\u00e9s informaci\u00f3 a la Guia per al Ciutad\u00e0 editada per l&#8217;AEPD accedint aqu\u00ed:<\/p>\n<p>http:\/\/www.agpd.es\/portalwebAGPD\/canaldocumentacion\/publicaciones\/common\/Guias\/ GUIA_CIUDADANO.pdf<\/p>\n<p><b>Mesures de seguretat\u00a0<\/b><\/p>\n<p>PLETA ELS VILARS, S.L.U. ha adoptat els nivells de seguretat legalment requerits, i es procura instal\u00b7lar aquells altres mitjans i mesures t\u00e8cniques addicionals al seu abast per evitar la p\u00e8rdua, mal \u00fas, alteraci\u00f3, acc\u00e9s no autoritzat i robatori de les dades personals facilitades.<\/p>\n<p><b>Cookies<\/b><\/p>\n<p>Aquest Lloc Web pot fer \u00fas de Cookies. En aquest cas, s&#8217;advertir\u00e0 als Usuaris per recaptar el pertinent consentiment i oferir eines de gesti\u00f3. En cap cas les cookies o altres mitjans de naturalesa an\u00e0loga serviran per emmagatzemar informaci\u00f3 que permeti identificar la persona f\u00edsica usu\u00e0ria del Lloc Web. Per a m\u00e9s informaci\u00f3, consultar l&#8217;apartat de Pol\u00edtica de Cookies.<\/p>\n<p><b>Modificaci\u00f3n de la Pol\u00edtica de Privacidad<\/b><\/p>\n<p>PLETA ELS VILARS, S.L.U. es reserva el dret a modificar la seva Pol\u00edtica de Privacitat en qualsevol moment.<\/p>\n<p>La modificaci\u00f3 de la Pol\u00edtica de Privacitat estar\u00e0 disponible per als usuaris i ser\u00e0 d&#8217;aplicaci\u00f3 des del moment de la seva publicaci\u00f3 al Lloc Web.<\/p>\n<p><b>\u00d3rgano tutelar<\/b><\/p>\n<p>Si considera que els seus drets no s&#8217;han at\u00e8s adequadament, t\u00e9 dret a presentar una reclamaci\u00f3 davant l&#8217;Ag\u00e8ncia Espanyola de Protecci\u00f3 de Dades (d&#8217;ara endavant, AEPD) dirigint-se a: C\/. Jorge Juan, 6, 28001, Madrid, o b\u00e9, accedint al seu portal a www.agpd.es<\/p>\n","protected":false},"excerpt":{"rendered":"<p>Generalitats Atenent la normativa de protecci\u00f3 de dades personals segons el disposat en el Reglament (UE) 2016\/679 del Parlament Europeu i del Consell de 27 d&#8217;abril de 2016 relatiu a &hellip;<\/p>\n","protected":false},"author":1,"featured_media":0,"parent":0,"menu_order":0,"comment_status":"closed","ping_status":"closed","template":"page-templates\/page-basic-page.php","meta":{"_acf_changed":false,"footnotes":""},"class_list":["post-1295","page","type-page","status-publish","hentry"],"acf":[],"yoast_head":"<!-- This site is optimized with the Yoast SEO plugin v27.2 - https:\/\/yoast.com\/product\/yoast-seo-wordpress\/ -->\n<title>Pol\u00edtica de privacitat - Pleta els Vilars - Luxury Apartamentos<\/title>\n<meta name=\"description\" content=\"Generalitats Atenent la normativa de protecci\u00f3 de dades personals segons el disposat en el Reglament (UE) 2016\/679 del Parlament Europeu i del Consell de\" \/>\n<meta name=\"robots\" content=\"index, follow, max-snippet:-1, max-image-preview:large, max-video-preview:-1\" \/>\n<link rel=\"canonical\" href=\"https:\/\/apartments.pletaelsvilars.com\/ca\/politica-de-privacitat\/\" \/>\n<meta property=\"og:locale\" content=\"ca_ES\" \/>\n<meta property=\"og:type\" content=\"article\" \/>\n<meta property=\"og:title\" content=\"Pol\u00edtica de privacitat - Pleta els Vilars - Luxury Apartamentos\" \/>\n<meta property=\"og:description\" content=\"Generalitats Atenent la normativa de protecci\u00f3 de dades personals segons el disposat en el Reglament (UE) 2016\/679 del Parlament Europeu i del Consell de\" \/>\n<meta property=\"og:url\" content=\"https:\/\/apartments.pletaelsvilars.com\/ca\/politica-de-privacitat\/\" \/>\n<meta property=\"og:site_name\" content=\"Pleta els Vilars - Luxury Apartamentos\" \/>\n<meta property=\"article:modified_time\" content=\"2023-11-29T08:38:12+00:00\" \/>\n<meta name=\"twitter:card\" content=\"summary_large_image\" \/>\n<meta name=\"twitter:label1\" content=\"Temps estimat de lectura\" \/>\n\t<meta name=\"twitter:data1\" content=\"8 minuts\" \/>\n<script type=\"application\/ld+json\" class=\"yoast-schema-graph\">{\"@context\":\"https:\/\/schema.org\",\"@graph\":[{\"@type\":\"WebPage\",\"@id\":\"https:\/\/apartments.pletaelsvilars.com\/ca\/politica-de-privacitat\/\",\"url\":\"https:\/\/apartments.pletaelsvilars.com\/ca\/politica-de-privacitat\/\",\"name\":\"Pol\u00edtica de privacitat - Pleta els Vilars - Luxury Apartamentos\",\"isPartOf\":{\"@id\":\"https:\/\/apartments.pletaelsvilars.com\/ca\/#website\"},\"datePublished\":\"2022-03-30T09:27:15+00:00\",\"dateModified\":\"2023-11-29T08:38:12+00:00\",\"description\":\"Generalitats Atenent la normativa de protecci\u00f3 de dades personals segons el disposat en el Reglament (UE) 2016\/679 del Parlament Europeu i del Consell de\",\"breadcrumb\":{\"@id\":\"https:\/\/apartments.pletaelsvilars.com\/ca\/politica-de-privacitat\/#breadcrumb\"},\"inLanguage\":\"ca\",\"potentialAction\":[{\"@type\":\"ReadAction\",\"target\":[\"https:\/\/apartments.pletaelsvilars.com\/ca\/politica-de-privacitat\/\"]}]},{\"@type\":\"BreadcrumbList\",\"@id\":\"https:\/\/apartments.pletaelsvilars.com\/ca\/politica-de-privacitat\/#breadcrumb\",\"itemListElement\":[{\"@type\":\"ListItem\",\"position\":1,\"name\":\"Portada\",\"item\":\"https:\/\/apartments.pletaelsvilars.com\/ca\/\"},{\"@type\":\"ListItem\",\"position\":2,\"name\":\"Pol\u00edtica de privacitat\"}]},{\"@type\":\"WebSite\",\"@id\":\"https:\/\/apartments.pletaelsvilars.com\/ca\/#website\",\"url\":\"https:\/\/apartments.pletaelsvilars.com\/ca\/\",\"name\":\"Pleta els Vilars - Luxury Apartamentos\",\"description\":\"Black Horse - Pleta els Vilars\",\"potentialAction\":[{\"@type\":\"SearchAction\",\"target\":{\"@type\":\"EntryPoint\",\"urlTemplate\":\"https:\/\/apartments.pletaelsvilars.com\/ca\/?s={search_term_string}\"},\"query-input\":{\"@type\":\"PropertyValueSpecification\",\"valueRequired\":true,\"valueName\":\"search_term_string\"}}],\"inLanguage\":\"ca\"}]}<\/script>\n<!-- \/ Yoast SEO plugin. -->","yoast_head_json":{"title":"Pol\u00edtica de privacitat - Pleta els Vilars - Luxury Apartamentos","description":"Generalitats Atenent la normativa de protecci\u00f3 de dades personals segons el disposat en el Reglament (UE) 2016\/679 del Parlament Europeu i del Consell de","robots":{"index":"index","follow":"follow","max-snippet":"max-snippet:-1","max-image-preview":"max-image-preview:large","max-video-preview":"max-video-preview:-1"},"canonical":"https:\/\/apartments.pletaelsvilars.com\/ca\/politica-de-privacitat\/","og_locale":"ca_ES","og_type":"article","og_title":"Pol\u00edtica de privacitat - Pleta els Vilars - Luxury Apartamentos","og_description":"Generalitats Atenent la normativa de protecci\u00f3 de dades personals segons el disposat en el Reglament (UE) 2016\/679 del Parlament Europeu i del Consell de","og_url":"https:\/\/apartments.pletaelsvilars.com\/ca\/politica-de-privacitat\/","og_site_name":"Pleta els Vilars - Luxury Apartamentos","article_modified_time":"2023-11-29T08:38:12+00:00","twitter_card":"summary_large_image","twitter_misc":{"Temps estimat de lectura":"8 minuts"},"schema":{"@context":"https:\/\/schema.org","@graph":[{"@type":"WebPage","@id":"https:\/\/apartments.pletaelsvilars.com\/ca\/politica-de-privacitat\/","url":"https:\/\/apartments.pletaelsvilars.com\/ca\/politica-de-privacitat\/","name":"Pol\u00edtica de privacitat - Pleta els Vilars - Luxury Apartamentos","isPartOf":{"@id":"https:\/\/apartments.pletaelsvilars.com\/ca\/#website"},"datePublished":"2022-03-30T09:27:15+00:00","dateModified":"2023-11-29T08:38:12+00:00","description":"Generalitats Atenent la normativa de protecci\u00f3 de dades personals segons el disposat en el Reglament (UE) 2016\/679 del Parlament Europeu i del Consell de","breadcrumb":{"@id":"https:\/\/apartments.pletaelsvilars.com\/ca\/politica-de-privacitat\/#breadcrumb"},"inLanguage":"ca","potentialAction":[{"@type":"ReadAction","target":["https:\/\/apartments.pletaelsvilars.com\/ca\/politica-de-privacitat\/"]}]},{"@type":"BreadcrumbList","@id":"https:\/\/apartments.pletaelsvilars.com\/ca\/politica-de-privacitat\/#breadcrumb","itemListElement":[{"@type":"ListItem","position":1,"name":"Portada","item":"https:\/\/apartments.pletaelsvilars.com\/ca\/"},{"@type":"ListItem","position":2,"name":"Pol\u00edtica de privacitat"}]},{"@type":"WebSite","@id":"https:\/\/apartments.pletaelsvilars.com\/ca\/#website","url":"https:\/\/apartments.pletaelsvilars.com\/ca\/","name":"Pleta els Vilars - Luxury Apartamentos","description":"Black Horse - Pleta els Vilars","potentialAction":[{"@type":"SearchAction","target":{"@type":"EntryPoint","urlTemplate":"https:\/\/apartments.pletaelsvilars.com\/ca\/?s={search_term_string}"},"query-input":{"@type":"PropertyValueSpecification","valueRequired":true,"valueName":"search_term_string"}}],"inLanguage":"ca"}]}},"_links":{"self":[{"href":"https:\/\/apartments.pletaelsvilars.com\/ca\/wp-json\/wp\/v2\/pages\/1295","targetHints":{"allow":["GET"]}}],"collection":[{"href":"https:\/\/apartments.pletaelsvilars.com\/ca\/wp-json\/wp\/v2\/pages"}],"about":[{"href":"https:\/\/apartments.pletaelsvilars.com\/ca\/wp-json\/wp\/v2\/types\/page"}],"author":[{"embeddable":true,"href":"https:\/\/apartments.pletaelsvilars.com\/ca\/wp-json\/wp\/v2\/users\/1"}],"replies":[{"embeddable":true,"href":"https:\/\/apartments.pletaelsvilars.com\/ca\/wp-json\/wp\/v2\/comments?post=1295"}],"version-history":[{"count":1,"href":"https:\/\/apartments.pletaelsvilars.com\/ca\/wp-json\/wp\/v2\/pages\/1295\/revisions"}],"predecessor-version":[{"id":2538,"href":"https:\/\/apartments.pletaelsvilars.com\/ca\/wp-json\/wp\/v2\/pages\/1295\/revisions\/2538"}],"wp:attachment":[{"href":"https:\/\/apartments.pletaelsvilars.com\/ca\/wp-json\/wp\/v2\/media?parent=1295"}],"curies":[{"name":"wp","href":"https:\/\/api.w.org\/{rel}","templated":true}]}}