{"id":944,"date":"2022-04-01T06:56:23","date_gmt":"2022-04-01T06:56:23","guid":{"rendered":"https:\/\/apartments.pletaelsvilars.com\/contacto\/"},"modified":"2023-11-29T08:38:06","modified_gmt":"2023-11-29T08:38:06","slug":"contacte","status":"publish","type":"page","link":"https:\/\/apartments.pletaelsvilars.com\/ca\/contacte\/","title":{"rendered":"Contacte"},"content":{"rendered":"<p>Som aqu\u00ed per escoltar. El nostre equip est\u00e0 a la vostra disposici\u00f3 per a qualsevol consulta.<\/p>\n<p><a href=\"mailto:hello@blackhorse-partners.com\">hello@blackhorse-partners.com<\/a><\/p>\n","protected":false},"excerpt":{"rendered":"<p>Som aqu\u00ed per escoltar. El nostre equip est\u00e0 a la vostra disposici\u00f3 per a qualsevol consulta. hello@blackhorse-partners.com<\/p>\n","protected":false},"author":1,"featured_media":0,"parent":0,"menu_order":0,"comment_status":"closed","ping_status":"closed","template":"page-templates\/page-contact.php","meta":{"_acf_changed":false,"footnotes":""},"class_list":["post-944","page","type-page","status-publish","hentry"],"acf":[],"yoast_head":"<!-- This site is optimized with the Yoast SEO plugin v27.4 - https:\/\/yoast.com\/product\/yoast-seo-wordpress\/ -->\n<title>Pleta els Vilars Andorra - Contacte<\/title>\n<meta name=\"description\" content=\"Black Horse Partners, la plataforma intel\u00b7ligent d&#039;inversi\u00f3 immobili\u00e0ria. L&#039;alternativa a altres productes d&#039;inversi\u00f3 des de la simplicitat, la transpar\u00e8ncia i el coneixement del mercat.\" \/>\n<meta name=\"robots\" content=\"index, follow, max-snippet:-1, max-image-preview:large, max-video-preview:-1\" \/>\n<link rel=\"canonical\" href=\"https:\/\/apartments.pletaelsvilars.com\/ca\/contacte\/\" \/>\n<meta property=\"og:locale\" content=\"ca_ES\" \/>\n<meta property=\"og:type\" content=\"article\" \/>\n<meta property=\"og:title\" content=\"Pleta els Vilars Andorra - Contacte\" \/>\n<meta property=\"og:description\" content=\"Black Horse Partners, la plataforma intel\u00b7ligent d&#039;inversi\u00f3 immobili\u00e0ria. L&#039;alternativa a altres productes d&#039;inversi\u00f3 des de la simplicitat, la transpar\u00e8ncia i el coneixement del mercat.\" \/>\n<meta property=\"og:url\" content=\"https:\/\/apartments.pletaelsvilars.com\/ca\/contacte\/\" \/>\n<meta property=\"og:site_name\" content=\"Pleta els Vilars - Luxury Apartamentos\" \/>\n<meta property=\"article:modified_time\" content=\"2023-11-29T08:38:06+00:00\" \/>\n<meta name=\"twitter:card\" content=\"summary_large_image\" \/>\n<meta name=\"twitter:label1\" content=\"Temps estimat de lectura\" \/>\n\t<meta name=\"twitter:data1\" content=\"1 minut\" \/>\n<script type=\"application\/ld+json\" class=\"yoast-schema-graph\">{\"@context\":\"https:\\\/\\\/schema.org\",\"@graph\":[{\"@type\":\"WebPage\",\"@id\":\"https:\\\/\\\/apartments.pletaelsvilars.com\\\/ca\\\/contacte\\\/\",\"url\":\"https:\\\/\\\/apartments.pletaelsvilars.com\\\/ca\\\/contacte\\\/\",\"name\":\"Pleta els Vilars Andorra - Contacte\",\"isPartOf\":{\"@id\":\"https:\\\/\\\/apartments.pletaelsvilars.com\\\/ca\\\/#website\"},\"datePublished\":\"2022-04-01T06:56:23+00:00\",\"dateModified\":\"2023-11-29T08:38:06+00:00\",\"description\":\"Black Horse Partners, la plataforma intel\u00b7ligent d'inversi\u00f3 immobili\u00e0ria. L'alternativa a altres productes d'inversi\u00f3 des de la simplicitat, la transpar\u00e8ncia i el coneixement del mercat.\",\"breadcrumb\":{\"@id\":\"https:\\\/\\\/apartments.pletaelsvilars.com\\\/ca\\\/contacte\\\/#breadcrumb\"},\"inLanguage\":\"ca\",\"potentialAction\":[{\"@type\":\"ReadAction\",\"target\":[\"https:\\\/\\\/apartments.pletaelsvilars.com\\\/ca\\\/contacte\\\/\"]}]},{\"@type\":\"BreadcrumbList\",\"@id\":\"https:\\\/\\\/apartments.pletaelsvilars.com\\\/ca\\\/contacte\\\/#breadcrumb\",\"itemListElement\":[{\"@type\":\"ListItem\",\"position\":1,\"name\":\"Portada\",\"item\":\"https:\\\/\\\/apartments.pletaelsvilars.com\\\/ca\\\/\"},{\"@type\":\"ListItem\",\"position\":2,\"name\":\"Contacte\"}]},{\"@type\":\"WebSite\",\"@id\":\"https:\\\/\\\/apartments.pletaelsvilars.com\\\/ca\\\/#website\",\"url\":\"https:\\\/\\\/apartments.pletaelsvilars.com\\\/ca\\\/\",\"name\":\"Pleta els Vilars - Luxury Apartamentos\",\"description\":\"Black Horse - Pleta els Vilars\",\"potentialAction\":[{\"@type\":\"SearchAction\",\"target\":{\"@type\":\"EntryPoint\",\"urlTemplate\":\"https:\\\/\\\/apartments.pletaelsvilars.com\\\/ca\\\/?s={search_term_string}\"},\"query-input\":{\"@type\":\"PropertyValueSpecification\",\"valueRequired\":true,\"valueName\":\"search_term_string\"}}],\"inLanguage\":\"ca\"}]}<\/script>\n<!-- \/ Yoast SEO plugin. -->","yoast_head_json":{"title":"Pleta els Vilars Andorra - Contacte","description":"Black Horse Partners, la plataforma intel\u00b7ligent d'inversi\u00f3 immobili\u00e0ria. L'alternativa a altres productes d'inversi\u00f3 des de la simplicitat, la transpar\u00e8ncia i el coneixement del mercat.","robots":{"index":"index","follow":"follow","max-snippet":"max-snippet:-1","max-image-preview":"max-image-preview:large","max-video-preview":"max-video-preview:-1"},"canonical":"https:\/\/apartments.pletaelsvilars.com\/ca\/contacte\/","og_locale":"ca_ES","og_type":"article","og_title":"Pleta els Vilars Andorra - Contacte","og_description":"Black Horse Partners, la plataforma intel\u00b7ligent d'inversi\u00f3 immobili\u00e0ria. L'alternativa a altres productes d'inversi\u00f3 des de la simplicitat, la transpar\u00e8ncia i el coneixement del mercat.","og_url":"https:\/\/apartments.pletaelsvilars.com\/ca\/contacte\/","og_site_name":"Pleta els Vilars - Luxury Apartamentos","article_modified_time":"2023-11-29T08:38:06+00:00","twitter_card":"summary_large_image","twitter_misc":{"Temps estimat de lectura":"1 minut"},"schema":{"@context":"https:\/\/schema.org","@graph":[{"@type":"WebPage","@id":"https:\/\/apartments.pletaelsvilars.com\/ca\/contacte\/","url":"https:\/\/apartments.pletaelsvilars.com\/ca\/contacte\/","name":"Pleta els Vilars Andorra - Contacte","isPartOf":{"@id":"https:\/\/apartments.pletaelsvilars.com\/ca\/#website"},"datePublished":"2022-04-01T06:56:23+00:00","dateModified":"2023-11-29T08:38:06+00:00","description":"Black Horse Partners, la plataforma intel\u00b7ligent d'inversi\u00f3 immobili\u00e0ria. L'alternativa a altres productes d'inversi\u00f3 des de la simplicitat, la transpar\u00e8ncia i el coneixement del mercat.","breadcrumb":{"@id":"https:\/\/apartments.pletaelsvilars.com\/ca\/contacte\/#breadcrumb"},"inLanguage":"ca","potentialAction":[{"@type":"ReadAction","target":["https:\/\/apartments.pletaelsvilars.com\/ca\/contacte\/"]}]},{"@type":"BreadcrumbList","@id":"https:\/\/apartments.pletaelsvilars.com\/ca\/contacte\/#breadcrumb","itemListElement":[{"@type":"ListItem","position":1,"name":"Portada","item":"https:\/\/apartments.pletaelsvilars.com\/ca\/"},{"@type":"ListItem","position":2,"name":"Contacte"}]},{"@type":"WebSite","@id":"https:\/\/apartments.pletaelsvilars.com\/ca\/#website","url":"https:\/\/apartments.pletaelsvilars.com\/ca\/","name":"Pleta els Vilars - Luxury Apartamentos","description":"Black Horse - Pleta els Vilars","potentialAction":[{"@type":"SearchAction","target":{"@type":"EntryPoint","urlTemplate":"https:\/\/apartments.pletaelsvilars.com\/ca\/?s={search_term_string}"},"query-input":{"@type":"PropertyValueSpecification","valueRequired":true,"valueName":"search_term_string"}}],"inLanguage":"ca"}]}},"_links":{"self":[{"href":"https:\/\/apartments.pletaelsvilars.com\/ca\/wp-json\/wp\/v2\/pages\/944","targetHints":{"allow":["GET"]}}],"collection":[{"href":"https:\/\/apartments.pletaelsvilars.com\/ca\/wp-json\/wp\/v2\/pages"}],"about":[{"href":"https:\/\/apartments.pletaelsvilars.com\/ca\/wp-json\/wp\/v2\/types\/page"}],"author":[{"embeddable":true,"href":"https:\/\/apartments.pletaelsvilars.com\/ca\/wp-json\/wp\/v2\/users\/1"}],"replies":[{"embeddable":true,"href":"https:\/\/apartments.pletaelsvilars.com\/ca\/wp-json\/wp\/v2\/comments?post=944"}],"version-history":[{"count":1,"href":"https:\/\/apartments.pletaelsvilars.com\/ca\/wp-json\/wp\/v2\/pages\/944\/revisions"}],"predecessor-version":[{"id":2537,"href":"https:\/\/apartments.pletaelsvilars.com\/ca\/wp-json\/wp\/v2\/pages\/944\/revisions\/2537"}],"wp:attachment":[{"href":"https:\/\/apartments.pletaelsvilars.com\/ca\/wp-json\/wp\/v2\/media?parent=944"}],"curies":[{"name":"wp","href":"https:\/\/api.w.org\/{rel}","templated":true}]}}