{"id":1382,"date":"2023-08-11T09:06:31","date_gmt":"2023-08-11T09:06:31","guid":{"rendered":"https:\/\/apartments.pletaelsvilars.com\/entorno-y-ubicacion\/"},"modified":"2023-11-29T08:41:05","modified_gmt":"2023-11-29T08:41:05","slug":"environnement-et-emplacement","status":"publish","type":"page","link":"https:\/\/apartments.pletaelsvilars.com\/fr\/environnement-et-emplacement\/","title":{"rendered":"Environnement et emplacement"},"content":{"rendered":"","protected":false},"excerpt":{"rendered":"","protected":false},"author":1,"featured_media":0,"parent":0,"menu_order":0,"comment_status":"closed","ping_status":"closed","template":"page-templates\/page-flexible.php","meta":{"_acf_changed":false,"footnotes":""},"class_list":["post-1382","page","type-page","status-publish","hentry"],"acf":[],"yoast_head":"<!-- This site is optimized with the Yoast SEO plugin v27.2 - https:\/\/yoast.com\/product\/yoast-seo-wordpress\/ -->\n<title>Pleta els Vilars Andorre - Un environnement et un emplacement privil\u00e9gi\u00e9.<\/title>\n<meta name=\"description\" content=\"Dans un environnement et un emplacement privil\u00e9gi\u00e9, Andorre offre des conditions optimales pour les sports en pleine nature ainsi qu&#039;une grande offre culturelle et commerciale.\" \/>\n<meta name=\"robots\" content=\"index, follow, max-snippet:-1, max-image-preview:large, max-video-preview:-1\" \/>\n<link rel=\"canonical\" href=\"https:\/\/apartments.pletaelsvilars.com\/fr\/environnement-et-emplacement\/\" \/>\n<meta property=\"og:locale\" content=\"fr_FR\" \/>\n<meta property=\"og:type\" content=\"article\" \/>\n<meta property=\"og:title\" content=\"Pleta els Vilars Andorre - Un environnement et un emplacement privil\u00e9gi\u00e9.\" \/>\n<meta property=\"og:description\" content=\"Dans un environnement et un emplacement privil\u00e9gi\u00e9, Andorre offre des conditions optimales pour les sports en pleine nature ainsi qu&#039;une grande offre culturelle et commerciale.\" \/>\n<meta property=\"og:url\" content=\"https:\/\/apartments.pletaelsvilars.com\/fr\/environnement-et-emplacement\/\" \/>\n<meta property=\"og:site_name\" content=\"Pleta els Vilars - Luxury Apartamentos\" \/>\n<meta property=\"article:modified_time\" content=\"2023-11-29T08:41:05+00:00\" \/>\n<meta name=\"twitter:card\" content=\"summary_large_image\" \/>\n<script type=\"application\/ld+json\" class=\"yoast-schema-graph\">{\"@context\":\"https:\/\/schema.org\",\"@graph\":[{\"@type\":\"WebPage\",\"@id\":\"https:\/\/apartments.pletaelsvilars.com\/fr\/environnement-et-emplacement\/\",\"url\":\"https:\/\/apartments.pletaelsvilars.com\/fr\/environnement-et-emplacement\/\",\"name\":\"Pleta els Vilars Andorre - Un environnement et un emplacement privil\u00e9gi\u00e9.\",\"isPartOf\":{\"@id\":\"https:\/\/apartments.pletaelsvilars.com\/fr\/#website\"},\"datePublished\":\"2023-08-11T09:06:31+00:00\",\"dateModified\":\"2023-11-29T08:41:05+00:00\",\"description\":\"Dans un environnement et un emplacement privil\u00e9gi\u00e9, Andorre offre des conditions optimales pour les sports en pleine nature ainsi qu'une grande offre culturelle et commerciale.\",\"breadcrumb\":{\"@id\":\"https:\/\/apartments.pletaelsvilars.com\/fr\/environnement-et-emplacement\/#breadcrumb\"},\"inLanguage\":\"fr-FR\",\"potentialAction\":[{\"@type\":\"ReadAction\",\"target\":[\"https:\/\/apartments.pletaelsvilars.com\/fr\/environnement-et-emplacement\/\"]}]},{\"@type\":\"BreadcrumbList\",\"@id\":\"https:\/\/apartments.pletaelsvilars.com\/fr\/environnement-et-emplacement\/#breadcrumb\",\"itemListElement\":[{\"@type\":\"ListItem\",\"position\":1,\"name\":\"Portada\",\"item\":\"https:\/\/apartments.pletaelsvilars.com\/fr\/\"},{\"@type\":\"ListItem\",\"position\":2,\"name\":\"Environnement et emplacement\"}]},{\"@type\":\"WebSite\",\"@id\":\"https:\/\/apartments.pletaelsvilars.com\/fr\/#website\",\"url\":\"https:\/\/apartments.pletaelsvilars.com\/fr\/\",\"name\":\"Pleta els Vilars - Luxury Apartamentos\",\"description\":\"Black Horse - Pleta els Vilars\",\"potentialAction\":[{\"@type\":\"SearchAction\",\"target\":{\"@type\":\"EntryPoint\",\"urlTemplate\":\"https:\/\/apartments.pletaelsvilars.com\/fr\/?s={search_term_string}\"},\"query-input\":{\"@type\":\"PropertyValueSpecification\",\"valueRequired\":true,\"valueName\":\"search_term_string\"}}],\"inLanguage\":\"fr-FR\"}]}<\/script>\n<!-- \/ Yoast SEO plugin. -->","yoast_head_json":{"title":"Pleta els Vilars Andorre - Un environnement et un emplacement privil\u00e9gi\u00e9.","description":"Dans un environnement et un emplacement privil\u00e9gi\u00e9, Andorre offre des conditions optimales pour les sports en pleine nature ainsi qu'une grande offre culturelle et commerciale.","robots":{"index":"index","follow":"follow","max-snippet":"max-snippet:-1","max-image-preview":"max-image-preview:large","max-video-preview":"max-video-preview:-1"},"canonical":"https:\/\/apartments.pletaelsvilars.com\/fr\/environnement-et-emplacement\/","og_locale":"fr_FR","og_type":"article","og_title":"Pleta els Vilars Andorre - Un environnement et un emplacement privil\u00e9gi\u00e9.","og_description":"Dans un environnement et un emplacement privil\u00e9gi\u00e9, Andorre offre des conditions optimales pour les sports en pleine nature ainsi qu'une grande offre culturelle et commerciale.","og_url":"https:\/\/apartments.pletaelsvilars.com\/fr\/environnement-et-emplacement\/","og_site_name":"Pleta els Vilars - Luxury Apartamentos","article_modified_time":"2023-11-29T08:41:05+00:00","twitter_card":"summary_large_image","schema":{"@context":"https:\/\/schema.org","@graph":[{"@type":"WebPage","@id":"https:\/\/apartments.pletaelsvilars.com\/fr\/environnement-et-emplacement\/","url":"https:\/\/apartments.pletaelsvilars.com\/fr\/environnement-et-emplacement\/","name":"Pleta els Vilars Andorre - Un environnement et un emplacement privil\u00e9gi\u00e9.","isPartOf":{"@id":"https:\/\/apartments.pletaelsvilars.com\/fr\/#website"},"datePublished":"2023-08-11T09:06:31+00:00","dateModified":"2023-11-29T08:41:05+00:00","description":"Dans un environnement et un emplacement privil\u00e9gi\u00e9, Andorre offre des conditions optimales pour les sports en pleine nature ainsi qu'une grande offre culturelle et commerciale.","breadcrumb":{"@id":"https:\/\/apartments.pletaelsvilars.com\/fr\/environnement-et-emplacement\/#breadcrumb"},"inLanguage":"fr-FR","potentialAction":[{"@type":"ReadAction","target":["https:\/\/apartments.pletaelsvilars.com\/fr\/environnement-et-emplacement\/"]}]},{"@type":"BreadcrumbList","@id":"https:\/\/apartments.pletaelsvilars.com\/fr\/environnement-et-emplacement\/#breadcrumb","itemListElement":[{"@type":"ListItem","position":1,"name":"Portada","item":"https:\/\/apartments.pletaelsvilars.com\/fr\/"},{"@type":"ListItem","position":2,"name":"Environnement et emplacement"}]},{"@type":"WebSite","@id":"https:\/\/apartments.pletaelsvilars.com\/fr\/#website","url":"https:\/\/apartments.pletaelsvilars.com\/fr\/","name":"Pleta els Vilars - Luxury Apartamentos","description":"Black Horse - Pleta els Vilars","potentialAction":[{"@type":"SearchAction","target":{"@type":"EntryPoint","urlTemplate":"https:\/\/apartments.pletaelsvilars.com\/fr\/?s={search_term_string}"},"query-input":{"@type":"PropertyValueSpecification","valueRequired":true,"valueName":"search_term_string"}}],"inLanguage":"fr-FR"}]}},"_links":{"self":[{"href":"https:\/\/apartments.pletaelsvilars.com\/fr\/wp-json\/wp\/v2\/pages\/1382","targetHints":{"allow":["GET"]}}],"collection":[{"href":"https:\/\/apartments.pletaelsvilars.com\/fr\/wp-json\/wp\/v2\/pages"}],"about":[{"href":"https:\/\/apartments.pletaelsvilars.com\/fr\/wp-json\/wp\/v2\/types\/page"}],"author":[{"embeddable":true,"href":"https:\/\/apartments.pletaelsvilars.com\/fr\/wp-json\/wp\/v2\/users\/1"}],"replies":[{"embeddable":true,"href":"https:\/\/apartments.pletaelsvilars.com\/fr\/wp-json\/wp\/v2\/comments?post=1382"}],"version-history":[{"count":2,"href":"https:\/\/apartments.pletaelsvilars.com\/fr\/wp-json\/wp\/v2\/pages\/1382\/revisions"}],"predecessor-version":[{"id":2531,"href":"https:\/\/apartments.pletaelsvilars.com\/fr\/wp-json\/wp\/v2\/pages\/1382\/revisions\/2531"}],"wp:attachment":[{"href":"https:\/\/apartments.pletaelsvilars.com\/fr\/wp-json\/wp\/v2\/media?parent=1382"}],"curies":[{"name":"wp","href":"https:\/\/api.w.org\/{rel}","templated":true}]}}