{"id":1418,"date":"2023-08-24T07:34:20","date_gmt":"2023-08-24T07:34:20","guid":{"rendered":"https:\/\/apartments.pletaelsvilars.com\/aviso-legal\/"},"modified":"2023-11-29T08:40:58","modified_gmt":"2023-11-29T08:40:58","slug":"mentions-legales","status":"publish","type":"page","link":"https:\/\/apartments.pletaelsvilars.com\/fr\/mentions-legales\/","title":{"rendered":"Mentions l\u00e9gales"},"content":{"rendered":"\n<p>PLETA ELS VILARS, S.L.U., est une soci\u00e9t\u00e9 \u00e0 responsabilit\u00e9 limit\u00e9e et, conform\u00e9ment \u00e0 l&#8217;article 10 de la loi 34\/2002 du 11 juillet sur les services de la soci\u00e9t\u00e9 de l&#8217;information et du commerce \u00e9lectronique, les informations d&#8217;identification de l&#8217;entreprise propri\u00e9taire de ce site sont expos\u00e9es ci-dessous.<\/p>\n<table>\n<tbody>\n<tr>\n<td>\n<p>Raison sociale<\/p>\n<\/td>\n<td>\n<p>PLETA ELS VILARS, S.L.U.<\/p>\n<\/td>\n<\/tr>\n<tr>\n<td>\n<p>Adresse\u00a0<\/p>\n<\/td>\n<td>\n<p>Passeig de Gr\u00e0cia, 79, Principal 2\u00aa, 08008 Barcelona<\/p>\n<\/td>\n<\/tr>\n<tr>\n<td>\n<p>T\u00e9l\u00e9phone\u00a0<\/p>\n<\/td>\n<td>\n<p>+34 93 515 9778<\/p>\n<\/td>\n<\/tr>\n<tr>\n<td>\n<p>E-mail<\/p>\n<\/td>\n<td>\n<p><a href=\"mailto:hello@blackhorse-partners.com\">hello@blackhorse-partners.com<\/a>\u00a0<\/p>\n<\/td>\n<\/tr>\n<tr>\n<td>\n<p>Nom de domaine<\/p>\n<\/td>\n<td><a href=\"http:\/\/apartments.pletaelsvilars.com\">apartments.pletaelsvilars.com\u00a0<\/a><\/td>\n<\/tr>\n<\/tbody>\n<\/table>\n<p>La pr\u00e9sente section (ci-apr\u00e8s d\u00e9nomm\u00e9e \u00ab Mentions l\u00e9gales \u00bb), ainsi que la Politique de confidentialit\u00e9 et la Politique relative aux cookies, ont pour objet d&#8217;\u00e9tablir et de r\u00e9glementer les r\u00e8gles d&#8217;acc\u00e8s et d&#8217;utilisation de ce site web mis \u00e0 disposition du public, comprenant toutes les pages et leurs contenus, propri\u00e9t\u00e9 de la soci\u00e9t\u00e9 andorrane PLETA ELS VILARS, S.L.U., accessibles via le domaine https:\/\/apartments.pletaelsvilars.com\/ (ci-apr\u00e8s le \u00ab Site web \u00bb).<\/p>\n<p><em>Date de mise \u00e0 jour : novembre 2021<\/em><\/p>\n<p><strong>Acceptation de l\u2019utilisateur<\/strong><\/p>\n<p>Toute personne acc\u00e9dant \u00e0 ce site web, utilisant ses services ou fournissant ses donn\u00e9es assume le r\u00f4le d&#8217;utilisateur et s&#8217;engage \u00e0 respecter strictement les dispositions contenues dans les pr\u00e9sentes, ainsi que toute autre disposition l\u00e9gale applicable, auxquelles elle est soumise en tant qu&#8217;utilisateur.<br \/>L&#8217;acceptation du pr\u00e9sent document implique que l&#8217;utilisateur :<\/p>\n<ol style=\"list-style-type: lower-alpha;\">\n<li>a lu et compris les pr\u00e9sentes mentions l\u00e9gales.<\/li>\n<li>assume et accepte toutes les obligations qui y sont \u00e9nonc\u00e9es.<\/li>\n<\/ol>\n<p>La navigation sur le site web implique l&#8217;acceptation, de la part de l&#8217;utilisateur, des pr\u00e9sentes conditions d&#8217;utilisation.<\/p>\n<p><strong>Conditions d\u2019utilisation<\/strong><\/p>\n<p>Le site web permet d&#8217;acc\u00e9der \u00e0 des informations, des services et\/ou des donn\u00e9es (ci-apr\u00e8s d\u00e9nomm\u00e9s \u00ab les contenus \u00bb) sur Internet appartenant \u00e0 PLETA ELS VILARS, S.L.U., auxquels l&#8217;utilisateur peut avoir acc\u00e8s.<\/p>\n<p>L&#8217;utilisateur est responsable de l&#8217;utilisation du portail et s&#8217;engage \u00e0 lire attentivement les pr\u00e9sentes mentions l\u00e9gales \u00e0 chaque fois qu&#8217;il acc\u00e8de au site web, car celui-ci et ses conditions d&#8217;utilisation peuvent faire l&#8217;objet de modifications.<\/p>\n<p>L&#8217;utilisateur doit \u00eatre conscient que la s\u00e9curit\u00e9 des syst\u00e8mes informatiques ne peut jamais \u00eatre absolue.<br \/>Bien que PLETA ELS VILARS, S.L.U. mette en place des mesures de s\u00e9curit\u00e9 \u00e0 sa port\u00e9e, elle ne garantit pas que le site web et le serveur sont exempts de virus et d\u00e9cline toute responsabilit\u00e9 quant aux \u00e9ventuels dommages ou pr\u00e9judices pouvant r\u00e9sulter d&#8217;interf\u00e9rences, d&#8217;omissions, d&#8217;interruptions, de virus informatiques, de pannes t\u00e9l\u00e9phoniques ou de d\u00e9connexions dans le fonctionnement op\u00e9rationnel de ce syst\u00e8me \u00e9lectronique, caus\u00e9s par des facteurs ind\u00e9pendants de sa volont\u00e9, des retards ou des blocages dans l&#8217;utilisation de ce syst\u00e8me \u00e9lectronique dus \u00e0 des d\u00e9ficiences ou des surcharges des lignes t\u00e9l\u00e9phoniques ou du syst\u00e8me Internet, ainsi que des dommages pouvant \u00eatre caus\u00e9s par des tiers par des intrusions ill\u00e9gitimes \u00e9chappant \u00e0 notre contr\u00f4le.<\/p>\n<p>PLETA ELS VILARS, S.L.U. se r\u00e9serve le droit d&#8217;apporter des modifications au site web sans pr\u00e9avis, afin de maintenir ses informations \u00e0 jour, en ajoutant, modifiant, corrigeant ou supprimant les contenus publi\u00e9s ou la conception du portail.<\/p>\n<p><strong>Propri\u00e9t\u00e9 Intellectuelle et industrielle<\/strong><\/p>\n<p>Ce site web et tous ses contenus, y compris les textes, les documents, les photographies, les dessins, les repr\u00e9sentations graphiques, les bases de donn\u00e9es, les programmes informatiques, ainsi que les logos, les marques, les noms commerciaux et autres signes distinctifs, sont la propri\u00e9t\u00e9 de PLETA ELS VILARS,\u00a0 S.L.U., ou de tiers qui l&#8217;ont autoris\u00e9 \u00e0 les utiliser.<\/p>\n<p>Ind\u00e9pendamment de la finalit\u00e9 pour laquelle ces contenus ont \u00e9t\u00e9 destin\u00e9s, leur reproduction totale ou partielle, leur utilisation, leur exploitation, leur distribution et leur commercialisation n\u00e9cessitent une autorisation \u00e9crite pr\u00e9alable dePLETA ELS VILARS, S.L.U.<\/p>\n<p>Toute utilisation non autoris\u00e9e par PLETA ELS VILARS, S.L.U. sera consid\u00e9r\u00e9e comme une violation grave des droits de propri\u00e9t\u00e9 intellectuelle ou industrielle de l&#8217;auteur, ainsi que du droit \u00e0 la vie priv\u00e9e et \u00e0 l&#8217;image des personnes qui pourraient y appara\u00eetre.<\/p>\n<p>Les cr\u00e9ations, les logos, les textes, les photographies et\/ou les graphiques appartenant \u00e0 des tiers et pouvant appara\u00eetre sur le site web sont la propri\u00e9t\u00e9 de leurs propri\u00e9taires respectifs, qui sont responsables de toute controverse \u00e9ventuelle \u00e0 leur sujet. En tout cas, PLETA ELS VILARS, S.L.U. dispose de l&#8217;autorisation expresse et pr\u00e9alable des auteurs pour leur publication.<\/p>\n<p>Pour signaler toute violation des droits de propri\u00e9t\u00e9 intellectuelle ou industrielle ou pour faire toute observation ou commentaire concernant les contenus du site web, veuillez nous contacter \u00e0 l&#8217;adresse e-mail suivante : <a href=\"mailto:hello@blackhorse-partners.com\">hello@blackhorse-partners.com<\/a>.<\/p>\n<p><strong>R\u00e9gime de responsabilit\u00e9<\/strong><\/p>\n<p>Ce site web contient des informations \u00e0 caract\u00e8re purement informatif. Cependant, malgr\u00e9 les mesures raisonnables prises pour veiller \u00e0 ce que ces informations ne soient ni erron\u00e9es ni \u00e9quivoques, leur exactitude n&#8217;est pas garantie, et aucune responsabilit\u00e9 n&#8217;est assum\u00e9e quant \u00e0 la certitude des informations et\/ou des contenus. Les utilisateurs doivent confirmer qu&#8217;ils utilisent les pages les plus r\u00e9centes de ce site web et s&#8217;assurer que les informations sont pr\u00e9cises et compl\u00e8tes avant de les utiliser pour prendre des d\u00e9cisions concernant des services, des produits ou d&#8217;autres questions d\u00e9crites sur ce site web.<\/p>\n<p>PLETA ELS VILARS, S.L.U. n&#8217;est pas responsable des dommages ou pr\u00e9judices, de quelque nature que ce soit, pouvant r\u00e9sulter de l&#8217;utilisation incorrecte, ill\u00e9gitime ou illicite du site web ou des contenus propos\u00e9s. Par cons\u00e9quent, elle d\u00e9cline toute responsabilit\u00e9 d\u00e9coulant des informations publi\u00e9es sur son site web, pour autant que ces informations aient \u00e9t\u00e9 manipul\u00e9es ou introduites par un tiers ind\u00e9pendant de PLETA ELS VILARS, S.L.U.<\/p>\n<p>PLETA ELS VILARS, S.L.U. n&#8217;assume pas non plus la responsabilit\u00e9 de la l\u00e9galit\u00e9 des sites web de tiers pouvant \u00eatre li\u00e9s ou r\u00e9f\u00e9renc\u00e9s depuis ce site web.<\/p>\n<p>PLETA ELS VILARS, S.L.U. ne garantit pas la disponibilit\u00e9 et la continuit\u00e9 du fonctionnement du site web et de ses services. Lorsque cela est raisonnablement possible, un pr\u00e9avis sera donn\u00e9 des interruptions de fonctionnement du site web et des services.<\/p>\n<p><strong>Droit d\u2019exclusion<\/strong><\/p>\n<p>PLETA ELS VILARS,\u00a0 S.L.U. se r\u00e9serve le droit d&#8217;interdire \u00e0 l&#8217;utilisateur l&#8217;acc\u00e8s et l&#8217;utilisation des services de ses sites web \u00e0 tout moment et sans pr\u00e9avis, \u00e0 sa demande ou \u00e0 la demande de tiers en cas de non-respect du pr\u00e9sent avis l\u00e9gal ou d&#8217;actes contraires \u00e0 la loi, \u00e0 la morale, aux bonnes m\u0153urs g\u00e9n\u00e9ralement admises et \u00e0 l&#8217;ordre public.<\/p>\n<p>Les utilisateurs peuvent publier leurs opinions et commentaires, ainsi que publier d&#8217;autres contenus, envoyer des communications, des suggestions, des id\u00e9es, des commentaires, des questions ou d&#8217;autres informations, \u00e0 condition que le contenu ne soit pas illicite, obsc\u00e8ne, abusif, constitue une menace ou diffamation, ou empi\u00e8te sur la vie priv\u00e9e des tiers, viole les droits de propri\u00e9t\u00e9 intellectuelle ou soit offensant ou r\u00e9pr\u00e9hensible de quelque mani\u00e8re que ce soit pour les tiers. Le contenu ne doit pas contenir de virus informatiques, de propagande politique ou de contenu publicitaire, d&#8217;e-mails en cha\u00eene, d&#8217;envois massifs d&#8217;e-mails ou constituer une forme quelconque de &#8220;spam&#8221;.<\/p>\n<p>PLETA ELS VILARS, S.L.U. peut emp\u00eacher la publication d&#8217;un contenu sp\u00e9cifique ou le supprimer du portail s&#8217;il estime qu&#8217;il pourrait y avoir une violation des lois en vigueur, des droits de tiers ou s&#8217;il re\u00e7oit une communication en ce sens.<\/p>\n<p>L&#8217;utilisateur fournissant les donn\u00e9es est responsable de leur exactitude et garantit que les donn\u00e9es et informations fournies sont r\u00e9elles, \u00e0 jour, et lui appartiennent et non \u00e0 des tiers. L&#8217;utilisation de fausses adresses e-mail, l&#8217;usurpation de l&#8217;identit\u00e9 d&#8217;une autre personne ou entit\u00e9, ou toute autre falsification de l&#8217;origine de tout autre contenu est interdite.<\/p>\n<p><strong>Traitement des donn\u00e9es personnelles<\/strong><\/p>\n<p>Le site web peut \u00eatre visit\u00e9 librement par tout utilisateur. PLETA ELS VILARS, S.L.U. se conforme \u00e0 la r\u00e9glementation en vigueur en mati\u00e8re de protection des donn\u00e9es \u00e0 caract\u00e8re personnel et prendra les mesures l\u00e9galement exigibles pour prot\u00e9ger les donn\u00e9es personnelles de l&#8217;utilisateur, en pr\u00e9servant sa vie priv\u00e9e et sa confidentialit\u00e9.<\/p>\n<p>Vous pouvez consulter tous les d\u00e9tails du traitement des donn\u00e9es \u00e0 caract\u00e8re personnel recueillies dans notre Politique de confidentialit\u00e9. De plus, le site web peut utiliser diff\u00e9rents types de cookies. Pour plus de d\u00e9tails, veuillez consulter notre Politique relative aux cookies.<\/p>\n<p><strong>Mineurs<\/strong><\/p>\n<p>Les services et produits de PLETA ELS VILARS, S.L.U. ne s&#8217;adressent pas aux mineurs. Cependant, dans le cas o\u00f9 certains de nos services s&#8217;adressent sp\u00e9cifiquement aux mineurs, le consentement des parents ou tuteurs sera demand\u00e9 pour la collecte et, le cas \u00e9ch\u00e9ant, le traitement des donn\u00e9es personnelles.<br \/>De m\u00eame, pour contracter nos services au nom et pour le compte d&#8217;une personne morale, l&#8217;utilisateur doit \u00eatre majeur, avoir la pleine capacit\u00e9 juridique pour agir et disposer de la capacit\u00e9 et de la l\u00e9gitimit\u00e9 suffisantes pour lier ladite personne morale.<\/p>\n<p><strong>Validit\u00e9 des Informations<\/strong><\/p>\n<p>PLETA ELS VILARS, S.L.U. se r\u00e9serve le droit de modifier toute information pouvant appara\u00eetre sur le site web, sans obligation de pr\u00e9avis ou d&#8217;informer les utilisateurs de ces modifications. La publication sur le site web sera consid\u00e9r\u00e9e comme un avis suffisant.<\/p>\n<p>Les pr\u00e9sentes mentions l\u00e9gales auront une dur\u00e9e de validit\u00e9 ind\u00e9termin\u00e9e ou, en tout cas, seront valables jusqu&#8217;\u00e0 leur modification et la publication d&#8217;une nouvelle version.<\/p>\n<p><strong>Droit applicable et juridiction comp\u00e9tente<\/strong><\/p>\n<p>PLETA ELS VILARS, S.L.U. poursuivra le non-respect des pr\u00e9sentes conditions, ainsi que toute utilisation abusive de son portail, en exer\u00e7ant toutes les actions civiles et p\u00e9nales qui peuvent lui correspondre en droit.<\/p>\n<p>Tout litige d\u00e9coulant de l&#8217;interpr\u00e9tation ou de l&#8217;ex\u00e9cution des pr\u00e9sentes mentions l\u00e9gales, ainsi que toute question relative aux services du pr\u00e9sent site web, sera interpr\u00e9t\u00e9 conform\u00e9ment \u00e0 la l\u00e9gislation espagnole en vigueur.<\/p>\n<p>Sauf disposition contraire de la loi, les parties renoncent \u00e0 toute autre juridiction et se soumettent aux tribunaux du domicile de PLETA ELS VILARS, S.L.U. pour tout litige pouvant survenir. Dans le cas o\u00f9 l&#8217;utilisateur \u00e0 son domicile en dehors de l&#8217;Espagne, PLETA ELS VILARS, S.L.U. et l&#8217;utilisateur se soumettent aux tribunaux de la ville o\u00f9 se trouve le si\u00e8ge social de PLETA ELS VILARS, S.L.U.<\/p>\n\n\n\n<p><\/p>\n","protected":false},"excerpt":{"rendered":"<p>PLETA ELS VILARS, S.L.U., est une soci\u00e9t\u00e9 \u00e0 responsabilit\u00e9 limit\u00e9e et, conform\u00e9ment \u00e0 l&#8217;article 10 de la loi 34\/2002 du 11 juillet sur les services de la soci\u00e9t\u00e9 de l&#8217;information &hellip;<\/p>\n","protected":false},"author":1,"featured_media":0,"parent":0,"menu_order":0,"comment_status":"closed","ping_status":"closed","template":"page-templates\/page-basic-page.php","meta":{"_acf_changed":false,"footnotes":""},"class_list":["post-1418","page","type-page","status-publish","hentry"],"acf":[],"yoast_head":"<!-- This site is optimized with the Yoast SEO plugin v27.2 - https:\/\/yoast.com\/product\/yoast-seo-wordpress\/ -->\n<title>Mentions l\u00e9gales - Pleta els Vilars - Luxury Apartamentos<\/title>\n<meta name=\"description\" content=\"PLETA ELS VILARS, S.L.U., est une soci\u00e9t\u00e9 \u00e0 responsabilit\u00e9 limit\u00e9e et, conform\u00e9ment \u00e0 l&#039;article 10 de la loi 34\/2002 du 11 juillet sur les services de la\" \/>\n<meta name=\"robots\" content=\"index, follow, max-snippet:-1, max-image-preview:large, max-video-preview:-1\" \/>\n<link rel=\"canonical\" href=\"https:\/\/apartments.pletaelsvilars.com\/fr\/mentions-legales\/\" \/>\n<meta property=\"og:locale\" content=\"fr_FR\" \/>\n<meta property=\"og:type\" content=\"article\" \/>\n<meta property=\"og:title\" content=\"Mentions l\u00e9gales - Pleta els Vilars - Luxury Apartamentos\" \/>\n<meta property=\"og:description\" content=\"PLETA ELS VILARS, S.L.U., est une soci\u00e9t\u00e9 \u00e0 responsabilit\u00e9 limit\u00e9e et, conform\u00e9ment \u00e0 l&#039;article 10 de la loi 34\/2002 du 11 juillet sur les services de la\" \/>\n<meta property=\"og:url\" content=\"https:\/\/apartments.pletaelsvilars.com\/fr\/mentions-legales\/\" \/>\n<meta property=\"og:site_name\" content=\"Pleta els Vilars - Luxury Apartamentos\" \/>\n<meta property=\"article:modified_time\" content=\"2023-11-29T08:40:58+00:00\" \/>\n<meta name=\"twitter:card\" content=\"summary_large_image\" \/>\n<meta name=\"twitter:label1\" content=\"Est. reading time\" \/>\n\t<meta name=\"twitter:data1\" content=\"8 minutes\" \/>\n<script type=\"application\/ld+json\" class=\"yoast-schema-graph\">{\"@context\":\"https:\/\/schema.org\",\"@graph\":[{\"@type\":\"WebPage\",\"@id\":\"https:\/\/apartments.pletaelsvilars.com\/fr\/mentions-legales\/\",\"url\":\"https:\/\/apartments.pletaelsvilars.com\/fr\/mentions-legales\/\",\"name\":\"Mentions l\u00e9gales - Pleta els Vilars - Luxury Apartamentos\",\"isPartOf\":{\"@id\":\"https:\/\/apartments.pletaelsvilars.com\/fr\/#website\"},\"datePublished\":\"2023-08-24T07:34:20+00:00\",\"dateModified\":\"2023-11-29T08:40:58+00:00\",\"description\":\"PLETA ELS VILARS, S.L.U., est une soci\u00e9t\u00e9 \u00e0 responsabilit\u00e9 limit\u00e9e et, conform\u00e9ment \u00e0 l'article 10 de la loi 34\/2002 du 11 juillet sur les services de la\",\"breadcrumb\":{\"@id\":\"https:\/\/apartments.pletaelsvilars.com\/fr\/mentions-legales\/#breadcrumb\"},\"inLanguage\":\"fr-FR\",\"potentialAction\":[{\"@type\":\"ReadAction\",\"target\":[\"https:\/\/apartments.pletaelsvilars.com\/fr\/mentions-legales\/\"]}]},{\"@type\":\"BreadcrumbList\",\"@id\":\"https:\/\/apartments.pletaelsvilars.com\/fr\/mentions-legales\/#breadcrumb\",\"itemListElement\":[{\"@type\":\"ListItem\",\"position\":1,\"name\":\"Portada\",\"item\":\"https:\/\/apartments.pletaelsvilars.com\/fr\/\"},{\"@type\":\"ListItem\",\"position\":2,\"name\":\"Mentions l\u00e9gales\"}]},{\"@type\":\"WebSite\",\"@id\":\"https:\/\/apartments.pletaelsvilars.com\/fr\/#website\",\"url\":\"https:\/\/apartments.pletaelsvilars.com\/fr\/\",\"name\":\"Pleta els Vilars - Luxury Apartamentos\",\"description\":\"Black Horse - Pleta els Vilars\",\"potentialAction\":[{\"@type\":\"SearchAction\",\"target\":{\"@type\":\"EntryPoint\",\"urlTemplate\":\"https:\/\/apartments.pletaelsvilars.com\/fr\/?s={search_term_string}\"},\"query-input\":{\"@type\":\"PropertyValueSpecification\",\"valueRequired\":true,\"valueName\":\"search_term_string\"}}],\"inLanguage\":\"fr-FR\"}]}<\/script>\n<!-- \/ Yoast SEO plugin. -->","yoast_head_json":{"title":"Mentions l\u00e9gales - Pleta els Vilars - Luxury Apartamentos","description":"PLETA ELS VILARS, S.L.U., est une soci\u00e9t\u00e9 \u00e0 responsabilit\u00e9 limit\u00e9e et, conform\u00e9ment \u00e0 l'article 10 de la loi 34\/2002 du 11 juillet sur les services de la","robots":{"index":"index","follow":"follow","max-snippet":"max-snippet:-1","max-image-preview":"max-image-preview:large","max-video-preview":"max-video-preview:-1"},"canonical":"https:\/\/apartments.pletaelsvilars.com\/fr\/mentions-legales\/","og_locale":"fr_FR","og_type":"article","og_title":"Mentions l\u00e9gales - Pleta els Vilars - Luxury Apartamentos","og_description":"PLETA ELS VILARS, S.L.U., est une soci\u00e9t\u00e9 \u00e0 responsabilit\u00e9 limit\u00e9e et, conform\u00e9ment \u00e0 l'article 10 de la loi 34\/2002 du 11 juillet sur les services de la","og_url":"https:\/\/apartments.pletaelsvilars.com\/fr\/mentions-legales\/","og_site_name":"Pleta els Vilars - Luxury Apartamentos","article_modified_time":"2023-11-29T08:40:58+00:00","twitter_card":"summary_large_image","twitter_misc":{"Est. reading time":"8 minutes"},"schema":{"@context":"https:\/\/schema.org","@graph":[{"@type":"WebPage","@id":"https:\/\/apartments.pletaelsvilars.com\/fr\/mentions-legales\/","url":"https:\/\/apartments.pletaelsvilars.com\/fr\/mentions-legales\/","name":"Mentions l\u00e9gales - Pleta els Vilars - Luxury Apartamentos","isPartOf":{"@id":"https:\/\/apartments.pletaelsvilars.com\/fr\/#website"},"datePublished":"2023-08-24T07:34:20+00:00","dateModified":"2023-11-29T08:40:58+00:00","description":"PLETA ELS VILARS, S.L.U., est une soci\u00e9t\u00e9 \u00e0 responsabilit\u00e9 limit\u00e9e et, conform\u00e9ment \u00e0 l'article 10 de la loi 34\/2002 du 11 juillet sur les services de la","breadcrumb":{"@id":"https:\/\/apartments.pletaelsvilars.com\/fr\/mentions-legales\/#breadcrumb"},"inLanguage":"fr-FR","potentialAction":[{"@type":"ReadAction","target":["https:\/\/apartments.pletaelsvilars.com\/fr\/mentions-legales\/"]}]},{"@type":"BreadcrumbList","@id":"https:\/\/apartments.pletaelsvilars.com\/fr\/mentions-legales\/#breadcrumb","itemListElement":[{"@type":"ListItem","position":1,"name":"Portada","item":"https:\/\/apartments.pletaelsvilars.com\/fr\/"},{"@type":"ListItem","position":2,"name":"Mentions l\u00e9gales"}]},{"@type":"WebSite","@id":"https:\/\/apartments.pletaelsvilars.com\/fr\/#website","url":"https:\/\/apartments.pletaelsvilars.com\/fr\/","name":"Pleta els Vilars - Luxury Apartamentos","description":"Black Horse - Pleta els Vilars","potentialAction":[{"@type":"SearchAction","target":{"@type":"EntryPoint","urlTemplate":"https:\/\/apartments.pletaelsvilars.com\/fr\/?s={search_term_string}"},"query-input":{"@type":"PropertyValueSpecification","valueRequired":true,"valueName":"search_term_string"}}],"inLanguage":"fr-FR"}]}},"_links":{"self":[{"href":"https:\/\/apartments.pletaelsvilars.com\/fr\/wp-json\/wp\/v2\/pages\/1418","targetHints":{"allow":["GET"]}}],"collection":[{"href":"https:\/\/apartments.pletaelsvilars.com\/fr\/wp-json\/wp\/v2\/pages"}],"about":[{"href":"https:\/\/apartments.pletaelsvilars.com\/fr\/wp-json\/wp\/v2\/types\/page"}],"author":[{"embeddable":true,"href":"https:\/\/apartments.pletaelsvilars.com\/fr\/wp-json\/wp\/v2\/users\/1"}],"replies":[{"embeddable":true,"href":"https:\/\/apartments.pletaelsvilars.com\/fr\/wp-json\/wp\/v2\/comments?post=1418"}],"version-history":[{"count":1,"href":"https:\/\/apartments.pletaelsvilars.com\/fr\/wp-json\/wp\/v2\/pages\/1418\/revisions"}],"predecessor-version":[{"id":2518,"href":"https:\/\/apartments.pletaelsvilars.com\/fr\/wp-json\/wp\/v2\/pages\/1418\/revisions\/2518"}],"wp:attachment":[{"href":"https:\/\/apartments.pletaelsvilars.com\/fr\/wp-json\/wp\/v2\/media?parent=1418"}],"curies":[{"name":"wp","href":"https:\/\/api.w.org\/{rel}","templated":true}]}}