{"id":1422,"date":"2022-03-30T09:27:15","date_gmt":"2022-03-30T09:27:15","guid":{"rendered":"https:\/\/apartments.pletaelsvilars.com\/politica-privacidad\/"},"modified":"2023-11-29T08:41:24","modified_gmt":"2023-11-29T08:41:24","slug":"politique-de-confidentialite","status":"publish","type":"page","link":"https:\/\/apartments.pletaelsvilars.com\/fr\/politique-de-confidentialite\/","title":{"rendered":"Politique de confidentialit\u00e9"},"content":{"rendered":"\n<p><strong>Informations g\u00e9n\u00e9rales<\/strong><\/p>\n<p>Conform\u00e9ment \u00e0 la r\u00e9glementation sur la protection des donn\u00e9es personnelles telle que pr\u00e9vue dans le R\u00e8glement (UE) 2016\/679 du Parlement europ\u00e9en et du Conseil du 27 avril 2016 relatif \u00e0 la protection des personnes physiques \u00e0 l&#8217;\u00e9gard du traitement des donn\u00e9es \u00e0 caract\u00e8re personnel (ci-apr\u00e8s d\u00e9nomm\u00e9 &#8220;RGPD&#8221;) et dans la l\u00e9gislation nationale, la Loi organique 3\/2018 sur la protection des donn\u00e9es personnelles et la garantie des droits num\u00e9riques (ci-apr\u00e8s d\u00e9nomm\u00e9e &#8220;LOPDGDD&#8221;), PLETA ELS VILARS, S.L.U. informe les parties int\u00e9ress\u00e9es (ci-apr\u00e8s d\u00e9nomm\u00e9es &#8220;Utilisateurs&#8221;) de sa politique de confidentialit\u00e9 et du traitement des donn\u00e9es \u00e0 caract\u00e8re personnel qu&#8217;elle effectue.<\/p>\n<p>Cette section a pour but d&#8217;expliquer notre politique de confidentialit\u00e9 et de fournir des informations d\u00e9taill\u00e9es sur le traitement des donn\u00e9es personnelles et les droits que les Utilisateurs peuvent exercer pour garder le contr\u00f4le sur leurs donn\u00e9es.<\/p>\n<p><em>Derni\u00e8re mise \u00e0 jour : novembre 2021<\/em><\/p>\n<p><strong>Responsable du traitement<\/strong><\/p>\n<p>L&#8217;op\u00e9rateur du site web et responsable du traitement des donn\u00e9es est :<\/p>\n<table>\n<tbody>\n<tr>\n<td>\n<p>Raison sociale<\/p>\n<\/td>\n<td>\n<p>PLETA ELS VILARS, S.L.U.<\/p>\n<\/td>\n<\/tr>\n<tr>\n<td>\n<p>NIF\u00a0<\/p>\n<\/td>\n<td>\n<p>L-717471-E<\/p>\n<\/td>\n<\/tr>\n<tr>\n<td>\n<p>Adresse\u00a0<\/p>\n<\/td>\n<td>\n<p>Passeig de Gr\u00e0cia, 79, Principal 2\u00aa, 08008 Barcelona<\/p>\n<\/td>\n<\/tr>\n<tr>\n<td>\n<p>T\u00e9l\u00e9phone\u00a0<\/p>\n<\/td>\n<td>\n<p>+34 93 515 9778<\/p>\n<\/td>\n<\/tr>\n<tr>\n<td>\n<p>E-mail<\/p>\n<\/td>\n<td>\n<p><a href=\"mailto:hello@blackhorse-partners.com\">hello@blackhorse-partners.com<\/a>\u00a0<\/p>\n<\/td>\n<\/tr>\n<tr>\n<td>\n<p>Secteur\u00a0<\/p>\n<\/td>\n<td>\n<p>Immobilier<\/p>\n<\/td>\n<\/tr>\n<\/tbody>\n<\/table>\n<p>PLETA ELS VILARS, S.L.U. est une entreprise sp\u00e9cialis\u00e9e dans le d\u00e9veloppement immobilier.<\/p>\n<p><strong>Traitement des donn\u00e9es<\/strong><\/p>\n<p>Les utilisateurs du site web peuvent naviguer sans fournir de donn\u00e9es personnelles. Cependant, les donn\u00e9es \u00e0 caract\u00e8re personnel collect\u00e9es directement aupr\u00e8s des utilisateurs seront trait\u00e9es de mani\u00e8re confidentielle et int\u00e9gr\u00e9es \u00e0 l&#8217;activit\u00e9 de traitement correspondante appartenant \u00e0 PLETA ELS VILARS, S.L.U.<\/p>\n<p>Selon le contexte et l&#8217;objectif pour lesquels les utilisateurs ont fourni leurs donn\u00e9es, elles seront trait\u00e9es aux fins suivantes :<\/p>\n<table style=\"width: 100%;\">\n<tbody>\n<tr>\n<td style=\"width: 27.1429%;\">\n<p><b>Finalit\u00e9 du traitement<\/b><\/p>\n<\/td>\n<td style=\"width: 22.9762%;\">\n<p><b>Fondement juridique<\/b><\/p>\n<\/td>\n<td style=\"width: 24.5238%;\">\n<p><b>Destinataires\u00a0<\/b><\/p>\n<\/td>\n<td style=\"width: 23.8095%;\">\n<p><b>Dur\u00e9e de conservation<\/b><\/p>\n<\/td>\n<\/tr>\n<tr>\n<td style=\"width: 27.1429%;\">\n<p>Contacter l&#8217;exp\u00e9diteur de l&#8217;information, r\u00e9pondre \u00e0 sa demande, demande ou consultation et assurer un suivi ult\u00e9rieur.<\/p>\n<\/td>\n<td style=\"width: 22.9762%;\">\n<p>Int\u00e9r\u00eat l\u00e9gitime \u00e0 r\u00e9pondre aux demandes d&#8217;information par le biais des canaux de communication. Consentement des personnes concern\u00e9es.<\/p>\n<\/td>\n<td style=\"width: 24.5238%;\">\n<p>Aucune communication des donn\u00e9es \u00e0 des tiers n&#8217;est pr\u00e9vue, sauf obligation l\u00e9gale ou ex\u00e9cution du contrat de prestation de services. Aucun transfert international ne sera effectu\u00e9.<\/p>\n<\/td>\n<td style=\"width: 23.8095%;\">\n<p>Jusqu&#8217;\u00e0 la r\u00e9solution de la demande d&#8217;information ou tant que la relation commerciale perdure.<\/p>\n<\/td>\n<\/tr>\n<tr>\n<td style=\"width: 27.1429%;\">\n<p>Gestion et contr\u00f4le du portefeuille de clients et de fournisseurs.<\/p>\n<\/td>\n<td style=\"width: 22.9762%;\">\n<p>Relation contractuelle pour l&#8217;ex\u00e9cution d&#8217;un contrat. Int\u00e9r\u00eat l\u00e9gitime.<\/p>\n<\/td>\n<td style=\"width: 24.5238%;\">\n<p>Aucune communication des donn\u00e9es \u00e0 des tiers n&#8217;est pr\u00e9vue, sauf obligation l\u00e9gale ou ex\u00e9cution du contrat de prestation de services. Aucun transfert international ne sera effectu\u00e9.<\/p>\n<\/td>\n<td style=\"width: 23.8095%;\">\n<p>Tant que la relation contractuelle pour l&#8217;ex\u00e9cution d&#8217;un contrat perdure.<\/p>\n<\/td>\n<\/tr>\n<tr>\n<td style=\"width: 27.1429%;\">\n<p>Gestion fiscale, comptable, commerciale et juridique.<\/p>\n<\/td>\n<td style=\"width: 22.9762%;\">\n<p>Obligation l\u00e9gale du responsable du traitement.<\/p>\n<\/td>\n<td style=\"width: 24.5238%;\">\n<p>Aucune communication des donn\u00e9es \u00e0 des tiers, sauf obligations l\u00e9gales. Aucun transfert international ne sera effectu\u00e9.<\/p>\n<\/td>\n<td style=\"width: 23.8095%;\">\n<p>Pendant la dur\u00e9e n\u00e9cessaire pour r\u00e9pondre et respecter les d\u00e9lais l\u00e9gaux pr\u00e9vus pour faire face \u00e0 d&#8217;\u00e9ventuelles responsabilit\u00e9s.<\/p>\n<\/td>\n<\/tr>\n<tr>\n<td style=\"width: 27.1429%;\">\n<p>Prestation de services et commercialisation de produits : Offrir des services, des produits et des activit\u00e9s pour que nous puissions \u00e9tablir des devis, fournir, g\u00e9rer et ex\u00e9cuter les services.<\/p>\n<\/td>\n<td style=\"width: 22.9762%;\">\n<p>Int\u00e9r\u00eat l\u00e9gitime \u00e0 r\u00e9pondre aux demandes d&#8217;information par le biais des canaux de communication. Consentement des personnes concern\u00e9es.<\/p>\n<\/td>\n<td style=\"width: 24.5238%;\">\n<p>Aucune communication des donn\u00e9es \u00e0 des tiers n&#8217;est pr\u00e9vue, sauf obligation l\u00e9gale ou ex\u00e9cution du contrat de prestation de services. Aucun transfert international ne sera effectu\u00e9.<\/p>\n<\/td>\n<td style=\"width: 23.8095%;\">\n<p>Jusqu&#8217;\u00e0 la r\u00e9solution de la demande d&#8217;information ou tant que la relation commerciale perdure.<\/p>\n<\/td>\n<\/tr>\n<tr>\n<td style=\"width: 27.1429%;\">\n<p>Communications commerciales<\/p>\n<\/td>\n<td style=\"width: 22.9762%;\">\n<p>Consentement de l&#8217;int\u00e9ress\u00e9. Int\u00e9r\u00eat l\u00e9gitime.<\/p>\n<\/td>\n<td style=\"width: 24.5238%;\">\n<p>Aucune communication des donn\u00e9es \u00e0 des tiers n&#8217;est pr\u00e9vue, sauf obligation l\u00e9gale. Aucun transfert international ne sera effectu\u00e9.<\/p>\n<\/td>\n<td style=\"width: 23.8095%;\">\n<p>Elles seront conserv\u00e9es pendant la dur\u00e9e n\u00e9cessaire pour atteindre l&#8217;objectif pour lequel elles ont \u00e9t\u00e9 collect\u00e9es ou jusqu&#8217;\u00e0 ce que l&#8217;utilisateur r\u00e9voque son consentement.<\/p>\n<\/td>\n<\/tr>\n<tr>\n<td style=\"width: 27.1429%;\">\n<p>Gestion de l&#8217;exercice des droits des utilisateurs<\/p>\n<\/td>\n<td style=\"width: 22.9762%;\">\n<p>Obligation l\u00e9gale du responsable du traitement.<\/p>\n<\/td>\n<td style=\"width: 24.5238%;\">\n<p>Aucune communication des donn\u00e9es \u00e0 des tiers, sauf obligations l\u00e9gales. Aucun transfert international ne sera effectu\u00e9.<\/p>\n<\/td>\n<td style=\"width: 23.8095%;\">\n<p>Pendant la dur\u00e9e n\u00e9cessaire pour r\u00e9pondre et respecter les d\u00e9lais l\u00e9gaux pr\u00e9vus pour faire face \u00e0 d&#8217;\u00e9ventuelles responsabilit\u00e9s.<\/p>\n<\/td>\n<\/tr>\n<\/tbody>\n<\/table>\n<p>Collecte des donn\u00e9es<\/p>\n<p>Les donn\u00e9es personnelles que nous traitons chez PLETA ELS VILARS, S.L.U. sont collect\u00e9es via les informations fournies par l&#8217;utilisateur, de mani\u00e8re libre et volontaire, par le biais des moyens mis \u00e0 sa disposition sur ce Site Web, ou bien, via le contrat de prestation de services ou le contrat de sous-traitant.<\/p>\n<p>Les cat\u00e9gories de donn\u00e9es trait\u00e9es sont les suivantes : donn\u00e9es d&#8217;identification (nom et \u00e9ventuellement pr\u00e9nom) et adresse e-mail et\/ou num\u00e9ro de t\u00e9l\u00e9phone (selon le moyen utilis\u00e9), adresse postale, informations commerciales, donn\u00e9es \u00e9conomiques, ainsi que toute autre information incluse dans les communications que vous nous envoyez. Aucune donn\u00e9e sp\u00e9cialement prot\u00e9g\u00e9e n&#8217;est trait\u00e9e.<\/p>\n<p>Informations n\u00e9cessaires, \u00e0 jour et v\u00e9racit\u00e9 des donn\u00e9es<\/p>\n<p>Lorsque l&#8217;utilisateur nous fournit ses donn\u00e9es pour utiliser nos services, il garantit que les donn\u00e9es et les informations fournies sont r\u00e9elles, v\u00e9ridiques, \u00e0 jour et qu&#8217;elles lui appartiennent.<\/p>\n<p>De plus, nous demandons aux utilisateurs de nous notifier toute rectification ou modification apport\u00e9e aux donn\u00e9es fournies dans les plus brefs d\u00e9lais, en r\u00e9pondant en tout cas de la v\u00e9racit\u00e9 et de l&#8217;exactitude des donn\u00e9es fournies \u00e0 tout moment, afin que les informations fournies soient toujours \u00e0 jour et ne contiennent pas d&#8217;erreurs. Les utilisateurs peuvent nous contacter \u00e0 l&#8217;adresse e-mail suivante : <a href=\"hello@blackhorse-partners.com\">hello@blackhorse-partners.com<\/a>.<\/p>\n<p><strong>Droits des utilisateurs<\/strong><\/p>\n<p>Toute personne a le droit de savoir si PLETA ELS VILARS, S.L.U. traite ses donn\u00e9es personnelles. Les personnes concern\u00e9es ont le droit d&#8217;acc\u00e9der \u00e0 leurs donn\u00e9es personnelles et de demander la rectification des donn\u00e9es inexactes ou, le cas \u00e9ch\u00e9ant, la suppression de ces donn\u00e9es lorsque, entre autres raisons, elles ne sont plus n\u00e9cessaires aux fins pour lesquelles elles ont \u00e9t\u00e9 collect\u00e9es.<\/p>\n<p>Les droits reconnus par la r\u00e9glementation en vigueur et les moyens de les exercer sont d\u00e9taill\u00e9s ci-dessous :<\/p>\n<table>\n<tbody>\n<tr>\n<td>\n<p><b>Droit\u00a0<\/b><\/p>\n<\/td>\n<td>\n<p><b>Qu\u2019est-ce que cela signifie ?<\/b><\/p>\n<\/td>\n<\/tr>\n<tr>\n<td>\n<p>Droit d\u2019acc\u00e8s<\/p>\n<\/td>\n<td>\n<p>Vous avez le droit d&#8217;acc\u00e9der \u00e0 vos donn\u00e9es personnelles. Les personnes concern\u00e9es ont le droit d&#8217;obtenir du responsable du traitement la confirmation que leurs donn\u00e9es sont trait\u00e9es ou non, ainsi que des informations d\u00e9taill\u00e9es sur certains aspects du traitement en cours.<\/p>\n<\/td>\n<\/tr>\n<tr>\n<td>\n<p>Droit de rectification<\/p>\n<\/td>\n<td>\n<p>Les personnes concern\u00e9es ont le droit d&#8217;obtenir la rectification des donn\u00e9es personnelles inexactes ou de compl\u00e9ter les donn\u00e9es incompl\u00e8tes ou inexactes.<\/p>\n<\/td>\n<\/tr>\n<tr>\n<td>\n<p>Droit \u00e0 l&#8217;effacement<\/p>\n<\/td>\n<td>\n<p>Il est \u00e9galement connu sous le nom de &#8220;droit \u00e0 l&#8217;oubli&#8221; et, en termes simples, il vous permet de demander la suppression ou l&#8217;effacement de vos donn\u00e9es personnelles lorsque celles-ci ne sont plus n\u00e9cessaires \u00e0 des fins de traitement, sous r\u00e9serve des limites fix\u00e9es par la r\u00e9glementation en vigueur.<\/p>\n<\/td>\n<\/tr>\n<tr>\n<td>\n<p>Droit \u00e0 la limitation du traitement<\/p>\n<\/td>\n<td>\n<p>Les personnes concern\u00e9es ont le droit de demander la limitation du traitement de leurs donn\u00e9es personnelles. Elles ont le droit de &#8220;bloquer&#8221; ou de restreindre ult\u00e9rieurement l&#8217;utilisation de leurs donn\u00e9es personnelles. Dans certaines circonstances, les personnes concern\u00e9es peuvent demander la limitation du traitement de leurs donn\u00e9es, auquel cas nous ne les conserverons que pour l&#8217;exercice ou la d\u00e9fense de r\u00e9clamations.<\/p>\n<\/td>\n<\/tr>\n<tr>\n<td>\n<p>Droit \u00e0 la portabilit\u00e9 des donn\u00e9es<\/p>\n<\/td>\n<td>\n<p>Vous avez le droit d&#8217;obtenir et de r\u00e9utiliser vos donn\u00e9es personnelles \u00e0 vos propres fins aupr\u00e8s de diff\u00e9rents services. En d&#8217;autres termes, vous avez le droit de recevoir les donn\u00e9es personnelles que vous avez fournies \u00e0 un responsable du traitement dans un format structur\u00e9, couramment utilis\u00e9 et lisible par machine, et de les transmettre \u00e0 un autre responsable du traitement. Droit d&#8217;obtenir vos donn\u00e9es personnelles dans un format structur\u00e9, couramment utilis\u00e9 et lisible.<\/p>\n<\/td>\n<\/tr>\n<tr>\n<td>\n<p>Droit d&#8217;opposition au traitement<\/p>\n<\/td>\n<td>\n<p>Dans certaines circonstances et pour des motifs li\u00e9s \u00e0 leur situation particuli\u00e8re, les personnes concern\u00e9es peuvent s&#8217;opposer au traitement de leurs donn\u00e9es. L&#8217;entreprise cessera de traiter les donn\u00e9es, sauf pour des motifs l\u00e9gitimes imp\u00e9rieux, ou dans le cadre de l&#8217;exercice ou de la d\u00e9fense de r\u00e9clamations potentielles. Cependant, vous avez le droit de vous opposer au traitement \u00e0 des fins de marketing direct.<\/p>\n<\/td>\n<\/tr>\n<tr>\n<td>\n<p>Droit de retirer votre consentement<\/p>\n<\/td>\n<td>\n<p>Si la personne concern\u00e9e a donn\u00e9 son consentement pour le traitement de ses donn\u00e9es personnelles, elle a le droit de retirer ce consentement \u00e0 tout moment.<\/p>\n<\/td>\n<\/tr>\n<\/tbody>\n<\/table>\n<p><strong>Exercice des droits<\/strong><\/p>\n<p>L&#8217;utilisateur peut exercer les droits mentionn\u00e9s \u00e0 tout moment en s&#8217;adressant \u00e0 PLETA ELS VILARS, S.L.U., en tant que responsable du traitement, en soumettant une demande \u00e9crite, accompagn\u00e9e d&#8217;une pi\u00e8ce d&#8217;identit\u00e9, \u00e0 l&#8217;adresse postale suivante : Passeig de Gr\u00e0cia 79, Principal 2\u00aa (08008 Barcelone), ou par courrier \u00e9lectronique \u00e0 l&#8217;adresse suivante : <a href=\"mailto:hello@blackhorse-partners.com\">hello@blackhorse-partners.com<\/a> en indiquant le droit exerc\u00e9 dans l&#8217;objet du message.<\/p>\n<p>Vous pouvez obtenir plus d&#8217;informations dans le Guide pour le citoyen publi\u00e9 par l&#8217;AEPD en acc\u00e9dant ici :<\/p>\n<p><a href=\"http:\/\/www.agpd.es\/portalwebAGPD\/canaldocumentacion\/publicaciones\/common\/Guias\/ GUIA_CIUDADANO.pdf\" target=\"_blank\" rel=\"noopener\" data-wplink-url-error=\"true\">http:\/\/www.agpd.es\/portalwebAGPD\/canaldocumentacion\/publicaciones\/common\/Guias\/ GUIA_CIUDADANO.pdf<\/a><\/p>\n<p><strong>Mesures de s\u00e9curit\u00e9<\/strong><\/p>\n<p>PLETA ELS VILARSPLETA ELS VILARS, S.L.U. a mis en place les niveaux de s\u00e9curit\u00e9 l\u00e9galement requis et s&#8217;efforce de mettre en place d&#8217;autres moyens et mesures techniques suppl\u00e9mentaires pour pr\u00e9venir la perte, l&#8217;utilisation abusive, l&#8217;alt\u00e9ration, l&#8217;acc\u00e8s non autoris\u00e9 et le vol des donn\u00e9es personnelles fournies.<\/p>\n<p><strong>Cookies<\/strong><\/p>\n<p>Ce Site Web peut utiliser des cookies. Dans ce cas, les utilisateurs seront inform\u00e9s pour obtenir le consentement appropri\u00e9 et disposer d&#8217;outils de gestion. En aucun cas, les cookies ou d&#8217;autres moyens similaires ne seront utilis\u00e9s pour stocker des informations permettant d&#8217;identifier l&#8217;utilisateur physique du Site Web. Pour plus d&#8217;informations, veuillez consulter la section Politique des cookies.<br \/>Modification de la Politique de confidentialit\u00e9<\/p>\n<p>PLETA ELS VILARS, S.L.U. se r\u00e9serve le droit de modifier sa Politique de confidentialit\u00e9 \u00e0 tout moment.<br \/>La modification de la Politique de confidentialit\u00e9 sera disponible pour les utilisateurs et sera applicable \u00e0 partir du moment de sa publication sur le Site Web.<\/p>\n<p><strong>Autorit\u00e9 de contr\u00f4le<\/strong><\/p>\n<p>Si vous estimez que vos droits n&#8217;ont pas \u00e9t\u00e9 correctement pris en compte, vous avez le droit de d\u00e9poser une r\u00e9clamation aupr\u00e8s de l&#8217;Agence espagnole de protection des donn\u00e9es (AEPD) en vous adressant \u00e0 : C\/. Jorge Juan, 6, 28001 Madrid, ou en acc\u00e9dant \u00e0 son portail : www.agpd.es<\/p>\n\n\n\n<p><\/p>\n","protected":false},"excerpt":{"rendered":"<p>Informations g\u00e9n\u00e9rales Conform\u00e9ment \u00e0 la r\u00e9glementation sur la protection des donn\u00e9es personnelles telle que pr\u00e9vue dans le R\u00e8glement (UE) 2016\/679 du Parlement europ\u00e9en et du Conseil du 27 avril 2016 &hellip;<\/p>\n","protected":false},"author":1,"featured_media":0,"parent":0,"menu_order":0,"comment_status":"closed","ping_status":"closed","template":"page-templates\/page-basic-page.php","meta":{"_acf_changed":false,"footnotes":""},"class_list":["post-1422","page","type-page","status-publish","hentry"],"acf":[],"yoast_head":"<!-- This site is optimized with the Yoast SEO plugin v27.2 - https:\/\/yoast.com\/product\/yoast-seo-wordpress\/ -->\n<title>Politique de confidentialit\u00e9 - Pleta els Vilars - Luxury Apartamentos<\/title>\n<meta name=\"description\" content=\"Informations g\u00e9n\u00e9rales Conform\u00e9ment \u00e0 la r\u00e9glementation sur la protection des donn\u00e9es personnelles telle que pr\u00e9vue dans le R\u00e8glement (UE) 2016\/679 du\" \/>\n<meta name=\"robots\" content=\"index, follow, max-snippet:-1, max-image-preview:large, max-video-preview:-1\" \/>\n<link rel=\"canonical\" href=\"https:\/\/apartments.pletaelsvilars.com\/fr\/politique-de-confidentialite\/\" \/>\n<meta property=\"og:locale\" content=\"fr_FR\" \/>\n<meta property=\"og:type\" content=\"article\" \/>\n<meta property=\"og:title\" content=\"Politique de confidentialit\u00e9 - Pleta els Vilars - Luxury Apartamentos\" \/>\n<meta property=\"og:description\" content=\"Informations g\u00e9n\u00e9rales Conform\u00e9ment \u00e0 la r\u00e9glementation sur la protection des donn\u00e9es personnelles telle que pr\u00e9vue dans le R\u00e8glement (UE) 2016\/679 du\" \/>\n<meta property=\"og:url\" content=\"https:\/\/apartments.pletaelsvilars.com\/fr\/politique-de-confidentialite\/\" \/>\n<meta property=\"og:site_name\" content=\"Pleta els Vilars - Luxury Apartamentos\" \/>\n<meta property=\"article:modified_time\" content=\"2023-11-29T08:41:24+00:00\" \/>\n<meta name=\"twitter:card\" content=\"summary_large_image\" \/>\n<meta name=\"twitter:label1\" content=\"Est. reading time\" \/>\n\t<meta name=\"twitter:data1\" content=\"8 minutes\" \/>\n<script type=\"application\/ld+json\" class=\"yoast-schema-graph\">{\"@context\":\"https:\/\/schema.org\",\"@graph\":[{\"@type\":\"WebPage\",\"@id\":\"https:\/\/apartments.pletaelsvilars.com\/fr\/politique-de-confidentialite\/\",\"url\":\"https:\/\/apartments.pletaelsvilars.com\/fr\/politique-de-confidentialite\/\",\"name\":\"Politique de confidentialit\u00e9 - Pleta els Vilars - Luxury Apartamentos\",\"isPartOf\":{\"@id\":\"https:\/\/apartments.pletaelsvilars.com\/fr\/#website\"},\"datePublished\":\"2022-03-30T09:27:15+00:00\",\"dateModified\":\"2023-11-29T08:41:24+00:00\",\"description\":\"Informations g\u00e9n\u00e9rales Conform\u00e9ment \u00e0 la r\u00e9glementation sur la protection des donn\u00e9es personnelles telle que pr\u00e9vue dans le R\u00e8glement (UE) 2016\/679 du\",\"breadcrumb\":{\"@id\":\"https:\/\/apartments.pletaelsvilars.com\/fr\/politique-de-confidentialite\/#breadcrumb\"},\"inLanguage\":\"fr-FR\",\"potentialAction\":[{\"@type\":\"ReadAction\",\"target\":[\"https:\/\/apartments.pletaelsvilars.com\/fr\/politique-de-confidentialite\/\"]}]},{\"@type\":\"BreadcrumbList\",\"@id\":\"https:\/\/apartments.pletaelsvilars.com\/fr\/politique-de-confidentialite\/#breadcrumb\",\"itemListElement\":[{\"@type\":\"ListItem\",\"position\":1,\"name\":\"Portada\",\"item\":\"https:\/\/apartments.pletaelsvilars.com\/fr\/\"},{\"@type\":\"ListItem\",\"position\":2,\"name\":\"Politique de confidentialit\u00e9\"}]},{\"@type\":\"WebSite\",\"@id\":\"https:\/\/apartments.pletaelsvilars.com\/fr\/#website\",\"url\":\"https:\/\/apartments.pletaelsvilars.com\/fr\/\",\"name\":\"Pleta els Vilars - Luxury Apartamentos\",\"description\":\"Black Horse - Pleta els Vilars\",\"potentialAction\":[{\"@type\":\"SearchAction\",\"target\":{\"@type\":\"EntryPoint\",\"urlTemplate\":\"https:\/\/apartments.pletaelsvilars.com\/fr\/?s={search_term_string}\"},\"query-input\":{\"@type\":\"PropertyValueSpecification\",\"valueRequired\":true,\"valueName\":\"search_term_string\"}}],\"inLanguage\":\"fr-FR\"}]}<\/script>\n<!-- \/ Yoast SEO plugin. -->","yoast_head_json":{"title":"Politique de confidentialit\u00e9 - Pleta els Vilars - Luxury Apartamentos","description":"Informations g\u00e9n\u00e9rales Conform\u00e9ment \u00e0 la r\u00e9glementation sur la protection des donn\u00e9es personnelles telle que pr\u00e9vue dans le R\u00e8glement (UE) 2016\/679 du","robots":{"index":"index","follow":"follow","max-snippet":"max-snippet:-1","max-image-preview":"max-image-preview:large","max-video-preview":"max-video-preview:-1"},"canonical":"https:\/\/apartments.pletaelsvilars.com\/fr\/politique-de-confidentialite\/","og_locale":"fr_FR","og_type":"article","og_title":"Politique de confidentialit\u00e9 - Pleta els Vilars - Luxury Apartamentos","og_description":"Informations g\u00e9n\u00e9rales Conform\u00e9ment \u00e0 la r\u00e9glementation sur la protection des donn\u00e9es personnelles telle que pr\u00e9vue dans le R\u00e8glement (UE) 2016\/679 du","og_url":"https:\/\/apartments.pletaelsvilars.com\/fr\/politique-de-confidentialite\/","og_site_name":"Pleta els Vilars - Luxury Apartamentos","article_modified_time":"2023-11-29T08:41:24+00:00","twitter_card":"summary_large_image","twitter_misc":{"Est. reading time":"8 minutes"},"schema":{"@context":"https:\/\/schema.org","@graph":[{"@type":"WebPage","@id":"https:\/\/apartments.pletaelsvilars.com\/fr\/politique-de-confidentialite\/","url":"https:\/\/apartments.pletaelsvilars.com\/fr\/politique-de-confidentialite\/","name":"Politique de confidentialit\u00e9 - Pleta els Vilars - Luxury Apartamentos","isPartOf":{"@id":"https:\/\/apartments.pletaelsvilars.com\/fr\/#website"},"datePublished":"2022-03-30T09:27:15+00:00","dateModified":"2023-11-29T08:41:24+00:00","description":"Informations g\u00e9n\u00e9rales Conform\u00e9ment \u00e0 la r\u00e9glementation sur la protection des donn\u00e9es personnelles telle que pr\u00e9vue dans le R\u00e8glement (UE) 2016\/679 du","breadcrumb":{"@id":"https:\/\/apartments.pletaelsvilars.com\/fr\/politique-de-confidentialite\/#breadcrumb"},"inLanguage":"fr-FR","potentialAction":[{"@type":"ReadAction","target":["https:\/\/apartments.pletaelsvilars.com\/fr\/politique-de-confidentialite\/"]}]},{"@type":"BreadcrumbList","@id":"https:\/\/apartments.pletaelsvilars.com\/fr\/politique-de-confidentialite\/#breadcrumb","itemListElement":[{"@type":"ListItem","position":1,"name":"Portada","item":"https:\/\/apartments.pletaelsvilars.com\/fr\/"},{"@type":"ListItem","position":2,"name":"Politique de confidentialit\u00e9"}]},{"@type":"WebSite","@id":"https:\/\/apartments.pletaelsvilars.com\/fr\/#website","url":"https:\/\/apartments.pletaelsvilars.com\/fr\/","name":"Pleta els Vilars - Luxury Apartamentos","description":"Black Horse - Pleta els Vilars","potentialAction":[{"@type":"SearchAction","target":{"@type":"EntryPoint","urlTemplate":"https:\/\/apartments.pletaelsvilars.com\/fr\/?s={search_term_string}"},"query-input":{"@type":"PropertyValueSpecification","valueRequired":true,"valueName":"search_term_string"}}],"inLanguage":"fr-FR"}]}},"_links":{"self":[{"href":"https:\/\/apartments.pletaelsvilars.com\/fr\/wp-json\/wp\/v2\/pages\/1422","targetHints":{"allow":["GET"]}}],"collection":[{"href":"https:\/\/apartments.pletaelsvilars.com\/fr\/wp-json\/wp\/v2\/pages"}],"about":[{"href":"https:\/\/apartments.pletaelsvilars.com\/fr\/wp-json\/wp\/v2\/types\/page"}],"author":[{"embeddable":true,"href":"https:\/\/apartments.pletaelsvilars.com\/fr\/wp-json\/wp\/v2\/users\/1"}],"replies":[{"embeddable":true,"href":"https:\/\/apartments.pletaelsvilars.com\/fr\/wp-json\/wp\/v2\/comments?post=1422"}],"version-history":[{"count":1,"href":"https:\/\/apartments.pletaelsvilars.com\/fr\/wp-json\/wp\/v2\/pages\/1422\/revisions"}],"predecessor-version":[{"id":2540,"href":"https:\/\/apartments.pletaelsvilars.com\/fr\/wp-json\/wp\/v2\/pages\/1422\/revisions\/2540"}],"wp:attachment":[{"href":"https:\/\/apartments.pletaelsvilars.com\/fr\/wp-json\/wp\/v2\/media?parent=1422"}],"curies":[{"name":"wp","href":"https:\/\/api.w.org\/{rel}","templated":true}]}}